{"id":126,"date":"2017-12-06T20:51:19","date_gmt":"2017-12-06T20:51:19","guid":{"rendered":"http:\/\/buddhistische-akademie-bb.de\/?page_id=126"},"modified":"2020-12-16T16:32:08","modified_gmt":"2020-12-16T16:32:08","slug":"wir-ueber-uns","status":"publish","type":"page","link":"https:\/\/buddhistische-akademie-bb.de\/?page_id=126","title":{"rendered":"Wir \u00fcber uns"},"content":{"rendered":"<p><img loading=\"lazy\" decoding=\"async\" class=\"alignnone size-full wp-image-1839\" src=\"http:\/\/buddhistische-akademie-bb.de\/wp-content\/uploads\/2020\/10\/ursula-richard.gif\" alt=\"\" width=\"150\" height=\"188\" \/> \u00a0 <img loading=\"lazy\" decoding=\"async\" class=\"alignnone size-full wp-image-112\" src=\"http:\/\/buddhistische-akademie-bb.de\/wp-content\/uploads\/2017\/11\/sylvia_wetzel.gif\" alt=\"\" width=\"150\" height=\"188\" \/> \u00a0 <img loading=\"lazy\" decoding=\"async\" class=\"alignnone size-full wp-image-255\" src=\"http:\/\/buddhistische-akademie-bb.de\/wp-content\/uploads\/2018\/03\/annabelle.gif\" alt=\"\" width=\"150\" height=\"188\" \/>\u00a0 <img loading=\"lazy\" decoding=\"async\" class=\"alignnone size-full wp-image-254\" src=\"http:\/\/buddhistische-akademie-bb.de\/wp-content\/uploads\/2018\/03\/susanne_neu.gif\" alt=\"\" width=\"150\" height=\"188\" \/> \u00a0 <img loading=\"lazy\" decoding=\"async\" class=\"alignnone size-full wp-image-1738\" src=\"http:\/\/buddhistische-akademie-bb.de\/wp-content\/uploads\/2020\/08\/metta_irene-wulff.gif\" alt=\"\" width=\"150\" height=\"188\" \/><\/p>\n<p>Die Buddhistische Akademie wurde 2001 ins Leben gerufen.<br \/>\nUnsere Arbeit steht unter dem Motto eines ber\u00fchmten buddhistischen Denkers aus dem 2. Jahrhundert unserer Zeitrechnung, Nagarjuna. Es hei\u00dft: \u201eEs gibt nur eine falsche Sicht: Der Glaube, meine Sicht ist die einzig richtige.\u201c<\/p>\n<p>Deshalb m\u00f6chten wir Sie auch mit Lehren aus ganz verschiedenen buddhistischen Traditionen bekannt machen. Unser Wunsch ist es, Interessierte und Praktizierende zu einem kreativen Umgang mit der buddhistischen Lehre und Praxis anzuregen. Daf\u00fcr ist es n\u00fctzlich, den Buddhismus auch in seiner geschichtlichen Entwicklung zu sehen und ihn auf dem Hintergrund unserer eigenen, abendl\u00e4ndischen Geistes-und Kulturgeschichte zu verstehen.<br \/>\nUns ist es wichtig darauf zu schauen, wie der Buddhismus im Westen Fu\u00df fassen kann, was es dazu braucht, wo auch Probleme liegen.<\/p>\n<p>Wie kann eine zeitgem\u00e4\u00dfe Vermittlung des Dharma aussehen?<br \/>\nUm diese Arbeit machen zu k\u00f6nnen, ist es von Vorteil nicht nur einer bestimmten buddhistischen Tradition verpflichtet zu sein.<br \/>\nDarum gibt es die Buddhistische Akademie.<\/p>\n<p>Die Buddhistische Akademie Berlin Brandenburg will ein Netzwerk von und f\u00fcr Menschen schaffen, die Buddhismus im europ\u00e4isch-westlichen Kulturraum \u00fcben und weitergeben.<\/p>\n<p>Die Prinzipien f\u00fcr unsere Arbeit sind:<br \/>\nethisch-mitf\u00fchlend, traditions\u00fcbergreifend,<br \/>\nwissenschaftlich, kulturkritisch und kreativ.<\/p>\n<p>Schwerpunkt unserer Arbeit sind Veranstaltungen im Berliner Raum. Die Akademie wird von einer gemeinn\u00fctzigen <span class=\"intensivb\">Stiftung<\/span> mit Sitz in Berlin getragen. Zustiftungen und Spenden, in jeder H\u00f6he, zweckgebunden oder frei, sind willkommen und steuerabzugsf\u00e4hig.<\/p>\n<p>Als Mitglied im <span class=\"intensivb\">F\u00f6rderkreis der Akademie<\/span> &#8211; ab \u20ac 100,- im Jahr &#8211; erhalten Sie mehrmals im Jahr eine Einladung zu Veranstaltungen und ein Dankesch\u00f6n-Buch. Schreiben Sie uns, wenn Sie unsere Einladungen auch <a href=\"mailto:office@buddhistische-akademie-bb.de\">per Email<\/a> erhalten wollen.<\/p>\n<h5>Unsere aktuelle Arbeitsgruppe<\/h5>\n<ul>\n<li>Buddhismus und Philosophie<\/li>\n<\/ul>\n<h5>Unsere Schwerpunkte<\/h5>\n<ul>\n<li>Studium des Buddhismus<\/li>\n<li>Interreligi\u00f6ser Dialog<\/li>\n<li>Fachtagungen &amp; Symposien<\/li>\n<li>Frauen und Buddhismus<\/li>\n<li>Kurse f\u00fcr spezielle Zielgruppen<\/li>\n<li>F\u00f6rderung sozialer Projekte im In- und Ausland<\/li>\n<\/ul>\n","protected":false},"excerpt":{"rendered":"<p>\u00a0 \u00a0 \u00a0 \u00a0 Die Buddhistische Akademie wurde 2001 ins Leben gerufen. Unsere Arbeit steht unter dem Motto eines ber\u00fchmten buddhistischen Denkers aus dem 2. Jahrhundert unserer Zeitrechnung, Nagarjuna. Es hei\u00dft: \u201eEs gibt nur eine falsche Sicht: Der Glaube, meine Sicht ist die einzig richtige.\u201c Deshalb m\u00f6chten wir Sie auch mit Lehren aus ganz verschiedenen [&hellip;]<\/p>\n","protected":false},"author":1,"featured_media":0,"parent":0,"menu_order":0,"comment_status":"closed","ping_status":"closed","template":"","meta":{"footnotes":""},"class_list":["post-126","page","type-page","status-publish","hentry"],"yoast_head":"<!-- This site is optimized with the Yoast SEO plugin v25.3.1 - https:\/\/yoast.com\/wordpress\/plugins\/seo\/ -->\n<title>Wir \u00fcber uns - Buddhistische Akademie Berlin-Brandenburg<\/title>\n<meta name=\"robots\" content=\"noindex, follow\" \/>\n<meta property=\"og:locale\" content=\"de_DE\" \/>\n<meta property=\"og:type\" content=\"article\" \/>\n<meta property=\"og:title\" content=\"Wir \u00fcber uns - Buddhistische Akademie Berlin-Brandenburg\" \/>\n<meta property=\"og:description\" content=\"\u00a0 \u00a0 \u00a0 \u00a0 Die Buddhistische Akademie wurde 2001 ins Leben gerufen. Unsere Arbeit steht unter dem Motto eines ber\u00fchmten buddhistischen Denkers aus dem 2. Jahrhundert unserer Zeitrechnung, Nagarjuna. Es hei\u00dft: \u201eEs gibt nur eine falsche Sicht: Der Glaube, meine Sicht ist die einzig richtige.\u201c Deshalb m\u00f6chten wir Sie auch mit Lehren aus ganz verschiedenen [&hellip;]\" \/>\n<meta property=\"og:url\" content=\"https:\/\/buddhistische-akademie-bb.de\/?page_id=126\" \/>\n<meta property=\"og:site_name\" content=\"Buddhistische Akademie Berlin-Brandenburg\" \/>\n<meta property=\"article:publisher\" content=\"https:\/\/www.facebook.com\/profile.php?id=100009188940719\" \/>\n<meta property=\"article:modified_time\" content=\"2020-12-16T16:32:08+00:00\" \/>\n<meta property=\"og:image\" content=\"https:\/\/buddhistische-akademie-bb.de\/wp-content\/uploads\/2020\/10\/ursula-richard.gif\" \/>\n\t<meta property=\"og:image:width\" content=\"150\" \/>\n\t<meta property=\"og:image:height\" content=\"188\" \/>\n\t<meta property=\"og:image:type\" content=\"image\/gif\" \/>\n<meta name=\"twitter:card\" content=\"summary_large_image\" \/>\n<meta name=\"twitter:label1\" content=\"Gesch\u00e4tzte Lesezeit\" \/>\n\t<meta name=\"twitter:data1\" content=\"2\u00a0Minuten\" \/>\n<script type=\"application\/ld+json\" class=\"yoast-schema-graph\">{\"@context\":\"https:\/\/schema.org\",\"@graph\":[{\"@type\":\"WebPage\",\"@id\":\"https:\/\/buddhistische-akademie-bb.de\/?page_id=126\",\"url\":\"https:\/\/buddhistische-akademie-bb.de\/?page_id=126\",\"name\":\"Wir \u00fcber uns - Buddhistische Akademie Berlin-Brandenburg\",\"isPartOf\":{\"@id\":\"https:\/\/buddhistische-akademie-bb.de\/#website\"},\"primaryImageOfPage\":{\"@id\":\"https:\/\/buddhistische-akademie-bb.de\/?page_id=126#primaryimage\"},\"image\":{\"@id\":\"https:\/\/buddhistische-akademie-bb.de\/?page_id=126#primaryimage\"},\"thumbnailUrl\":\"http:\/\/buddhistische-akademie-bb.de\/wp-content\/uploads\/2020\/10\/ursula-richard.gif\",\"datePublished\":\"2017-12-06T20:51:19+00:00\",\"dateModified\":\"2020-12-16T16:32:08+00:00\",\"breadcrumb\":{\"@id\":\"https:\/\/buddhistische-akademie-bb.de\/?page_id=126#breadcrumb\"},\"inLanguage\":\"de\",\"potentialAction\":[{\"@type\":\"ReadAction\",\"target\":[\"https:\/\/buddhistische-akademie-bb.de\/?page_id=126\"]}]},{\"@type\":\"ImageObject\",\"inLanguage\":\"de\",\"@id\":\"https:\/\/buddhistische-akademie-bb.de\/?page_id=126#primaryimage\",\"url\":\"https:\/\/buddhistische-akademie-bb.de\/wp-content\/uploads\/2020\/10\/ursula-richard.gif\",\"contentUrl\":\"https:\/\/buddhistische-akademie-bb.de\/wp-content\/uploads\/2020\/10\/ursula-richard.gif\",\"width\":150,\"height\":188},{\"@type\":\"BreadcrumbList\",\"@id\":\"https:\/\/buddhistische-akademie-bb.de\/?page_id=126#breadcrumb\",\"itemListElement\":[{\"@type\":\"ListItem\",\"position\":1,\"name\":\"Startseite\",\"item\":\"https:\/\/buddhistische-akademie-bb.de\/\"},{\"@type\":\"ListItem\",\"position\":2,\"name\":\"Wir \u00fcber uns\"}]},{\"@type\":\"WebSite\",\"@id\":\"https:\/\/buddhistische-akademie-bb.de\/#website\",\"url\":\"https:\/\/buddhistische-akademie-bb.de\/\",\"name\":\"Buddhistische Akademie Berlin-Brandenburg\",\"description\":\"\",\"publisher\":{\"@id\":\"https:\/\/buddhistische-akademie-bb.de\/#organization\"},\"potentialAction\":[{\"@type\":\"SearchAction\",\"target\":{\"@type\":\"EntryPoint\",\"urlTemplate\":\"https:\/\/buddhistische-akademie-bb.de\/?s={search_term_string}\"},\"query-input\":{\"@type\":\"PropertyValueSpecification\",\"valueRequired\":true,\"valueName\":\"search_term_string\"}}],\"inLanguage\":\"de\"},{\"@type\":\"Organization\",\"@id\":\"https:\/\/buddhistische-akademie-bb.de\/#organization\",\"name\":\"Buddhistische Akademie Berlin Brandenburg\",\"url\":\"https:\/\/buddhistische-akademie-bb.de\/\",\"logo\":{\"@type\":\"ImageObject\",\"inLanguage\":\"de\",\"@id\":\"https:\/\/buddhistische-akademie-bb.de\/#\/schema\/logo\/image\/\",\"url\":\"https:\/\/buddhistische-akademie-bb.de\/wp-content\/uploads\/2021\/05\/Logo.jpg\",\"contentUrl\":\"https:\/\/buddhistische-akademie-bb.de\/wp-content\/uploads\/2021\/05\/Logo.jpg\",\"width\":268,\"height\":260,\"caption\":\"Buddhistische Akademie Berlin Brandenburg\"},\"image\":{\"@id\":\"https:\/\/buddhistische-akademie-bb.de\/#\/schema\/logo\/image\/\"},\"sameAs\":[\"https:\/\/www.facebook.com\/profile.php?id=100009188940719\",\"https:\/\/www.youtube.com\/channel\/UCQxxUAV0IA-9FF2Icr4J6fQ\"]}]}<\/script>\n<!-- \/ Yoast SEO plugin. -->","yoast_head_json":{"title":"Wir \u00fcber uns - Buddhistische Akademie Berlin-Brandenburg","robots":{"index":"noindex","follow":"follow"},"og_locale":"de_DE","og_type":"article","og_title":"Wir \u00fcber uns - Buddhistische Akademie Berlin-Brandenburg","og_description":"\u00a0 \u00a0 \u00a0 \u00a0 Die Buddhistische Akademie wurde 2001 ins Leben gerufen. Unsere Arbeit steht unter dem Motto eines ber\u00fchmten buddhistischen Denkers aus dem 2. Jahrhundert unserer Zeitrechnung, Nagarjuna. Es hei\u00dft: \u201eEs gibt nur eine falsche Sicht: Der Glaube, meine Sicht ist die einzig richtige.\u201c Deshalb m\u00f6chten wir Sie auch mit Lehren aus ganz verschiedenen [&hellip;]","og_url":"https:\/\/buddhistische-akademie-bb.de\/?page_id=126","og_site_name":"Buddhistische Akademie Berlin-Brandenburg","article_publisher":"https:\/\/www.facebook.com\/profile.php?id=100009188940719","article_modified_time":"2020-12-16T16:32:08+00:00","og_image":[{"width":150,"height":188,"url":"https:\/\/buddhistische-akademie-bb.de\/wp-content\/uploads\/2020\/10\/ursula-richard.gif","type":"image\/gif"}],"twitter_card":"summary_large_image","twitter_misc":{"Gesch\u00e4tzte Lesezeit":"2\u00a0Minuten"},"schema":{"@context":"https:\/\/schema.org","@graph":[{"@type":"WebPage","@id":"https:\/\/buddhistische-akademie-bb.de\/?page_id=126","url":"https:\/\/buddhistische-akademie-bb.de\/?page_id=126","name":"Wir \u00fcber uns - Buddhistische Akademie Berlin-Brandenburg","isPartOf":{"@id":"https:\/\/buddhistische-akademie-bb.de\/#website"},"primaryImageOfPage":{"@id":"https:\/\/buddhistische-akademie-bb.de\/?page_id=126#primaryimage"},"image":{"@id":"https:\/\/buddhistische-akademie-bb.de\/?page_id=126#primaryimage"},"thumbnailUrl":"http:\/\/buddhistische-akademie-bb.de\/wp-content\/uploads\/2020\/10\/ursula-richard.gif","datePublished":"2017-12-06T20:51:19+00:00","dateModified":"2020-12-16T16:32:08+00:00","breadcrumb":{"@id":"https:\/\/buddhistische-akademie-bb.de\/?page_id=126#breadcrumb"},"inLanguage":"de","potentialAction":[{"@type":"ReadAction","target":["https:\/\/buddhistische-akademie-bb.de\/?page_id=126"]}]},{"@type":"ImageObject","inLanguage":"de","@id":"https:\/\/buddhistische-akademie-bb.de\/?page_id=126#primaryimage","url":"https:\/\/buddhistische-akademie-bb.de\/wp-content\/uploads\/2020\/10\/ursula-richard.gif","contentUrl":"https:\/\/buddhistische-akademie-bb.de\/wp-content\/uploads\/2020\/10\/ursula-richard.gif","width":150,"height":188},{"@type":"BreadcrumbList","@id":"https:\/\/buddhistische-akademie-bb.de\/?page_id=126#breadcrumb","itemListElement":[{"@type":"ListItem","position":1,"name":"Startseite","item":"https:\/\/buddhistische-akademie-bb.de\/"},{"@type":"ListItem","position":2,"name":"Wir \u00fcber uns"}]},{"@type":"WebSite","@id":"https:\/\/buddhistische-akademie-bb.de\/#website","url":"https:\/\/buddhistische-akademie-bb.de\/","name":"Buddhistische Akademie Berlin-Brandenburg","description":"","publisher":{"@id":"https:\/\/buddhistische-akademie-bb.de\/#organization"},"potentialAction":[{"@type":"SearchAction","target":{"@type":"EntryPoint","urlTemplate":"https:\/\/buddhistische-akademie-bb.de\/?s={search_term_string}"},"query-input":{"@type":"PropertyValueSpecification","valueRequired":true,"valueName":"search_term_string"}}],"inLanguage":"de"},{"@type":"Organization","@id":"https:\/\/buddhistische-akademie-bb.de\/#organization","name":"Buddhistische Akademie Berlin Brandenburg","url":"https:\/\/buddhistische-akademie-bb.de\/","logo":{"@type":"ImageObject","inLanguage":"de","@id":"https:\/\/buddhistische-akademie-bb.de\/#\/schema\/logo\/image\/","url":"https:\/\/buddhistische-akademie-bb.de\/wp-content\/uploads\/2021\/05\/Logo.jpg","contentUrl":"https:\/\/buddhistische-akademie-bb.de\/wp-content\/uploads\/2021\/05\/Logo.jpg","width":268,"height":260,"caption":"Buddhistische Akademie Berlin Brandenburg"},"image":{"@id":"https:\/\/buddhistische-akademie-bb.de\/#\/schema\/logo\/image\/"},"sameAs":["https:\/\/www.facebook.com\/profile.php?id=100009188940719","https:\/\/www.youtube.com\/channel\/UCQxxUAV0IA-9FF2Icr4J6fQ"]}]}},"_links":{"self":[{"href":"https:\/\/buddhistische-akademie-bb.de\/index.php?rest_route=\/wp\/v2\/pages\/126","targetHints":{"allow":["GET"]}}],"collection":[{"href":"https:\/\/buddhistische-akademie-bb.de\/index.php?rest_route=\/wp\/v2\/pages"}],"about":[{"href":"https:\/\/buddhistische-akademie-bb.de\/index.php?rest_route=\/wp\/v2\/types\/page"}],"author":[{"embeddable":true,"href":"https:\/\/buddhistische-akademie-bb.de\/index.php?rest_route=\/wp\/v2\/users\/1"}],"replies":[{"embeddable":true,"href":"https:\/\/buddhistische-akademie-bb.de\/index.php?rest_route=%2Fwp%2Fv2%2Fcomments&post=126"}],"version-history":[{"count":5,"href":"https:\/\/buddhistische-akademie-bb.de\/index.php?rest_route=\/wp\/v2\/pages\/126\/revisions"}],"predecessor-version":[{"id":1997,"href":"https:\/\/buddhistische-akademie-bb.de\/index.php?rest_route=\/wp\/v2\/pages\/126\/revisions\/1997"}],"wp:attachment":[{"href":"https:\/\/buddhistische-akademie-bb.de\/index.php?rest_route=%2Fwp%2Fv2%2Fmedia&parent=126"}],"curies":[{"name":"wp","href":"https:\/\/api.w.org\/{rel}","templated":true}]}}