{"id":301,"date":"2018-03-07T14:59:18","date_gmt":"2018-03-07T14:59:18","guid":{"rendered":"http:\/\/buddhistische-akademie-bb.de\/?page_id=301"},"modified":"2023-08-30T12:34:04","modified_gmt":"2023-08-30T12:34:04","slug":"nonnen-myanmar","status":"publish","type":"page","link":"https:\/\/buddhistische-akademie-bb.de\/?page_id=301","title":{"rendered":"Nonnen Myanmar"},"content":{"rendered":"<h5><img loading=\"lazy\" decoding=\"async\" class=\"alignnone size-medium wp-image-2542\" src=\"https:\/\/buddhistische-akademie-bb.de\/wp-content\/uploads\/2021\/05\/IMAG1782-600x338.jpg\" alt=\"\" width=\"600\" height=\"338\" srcset=\"https:\/\/buddhistische-akademie-bb.de\/wp-content\/uploads\/2021\/05\/IMAG1782-600x338.jpg 600w, https:\/\/buddhistische-akademie-bb.de\/wp-content\/uploads\/2021\/05\/IMAG1782-1024x577.jpg 1024w, https:\/\/buddhistische-akademie-bb.de\/wp-content\/uploads\/2021\/05\/IMAG1782-768x433.jpg 768w, https:\/\/buddhistische-akademie-bb.de\/wp-content\/uploads\/2021\/05\/IMAG1782-1536x866.jpg 1536w, https:\/\/buddhistische-akademie-bb.de\/wp-content\/uploads\/2021\/05\/IMAG1782-2048x1155.jpg 2048w, https:\/\/buddhistische-akademie-bb.de\/wp-content\/uploads\/2021\/05\/IMAG1782-816x460.jpg 816w\" sizes=\"auto, (max-width: 600px) 100vw, 600px\" \/><br \/>\nNonnenkloster Mya Yaung Ch\u00e8 in Yangon, Myanmar<\/h5>\n<p>Das Kloster liegt in einem armen Au\u00dfenbezirk von Yangon in Myanmar (Burma). In diesem Kloster leben ca. 300 Nonnen, von denen viele aus armen Familien aus den Minderheitengebieten stammen.<br \/>\nDie meisten der jungen Frauen wurden von ihren Eltern ins Kloster geschickt, da die Familieneink\u00fcnfte oftmals nicht ausreichen, die Kinder zu ern\u00e4hren oder ihnen eine gute Ausbildung zu bieten.<br \/>\nDie Nonnen des Klosters unterrichten die Kinder der Armen des Townships. Aber es fehlt am N\u00f6tigsten, wie z.B. Schreibmaterial sowohl f\u00fcr die Nonnen wie f\u00fcr die Kinder.<br \/>\nDie Nonnen haben von den Spendengeldern, die die Buddhistische Akademie im Herbst 2020 schickt, einen neuen Wassertank, Schultische und Schreibmaterial gekauft. Ein neues Pakett wurde verlegt, Schlafmatten gekauf und der Rest deiner Mauer fertiggestellt. Essen wird ebenfalls vom Geld gekauft und weitere Ausbesserungen am Geb\u00e4ude sind gemacht worden und einige Nonnen studieren.<br \/>\n<img loading=\"lazy\" decoding=\"async\" class=\"alignnone size-medium wp-image-2539\" src=\"https:\/\/buddhistische-akademie-bb.de\/wp-content\/uploads\/2021\/05\/IMG-910a83ddaaed8e6e25bac0fd1801d23d-V-600x528.jpg\" alt=\"\" width=\"600\" height=\"528\" srcset=\"https:\/\/buddhistische-akademie-bb.de\/wp-content\/uploads\/2021\/05\/IMG-910a83ddaaed8e6e25bac0fd1801d23d-V-600x528.jpg 600w, https:\/\/buddhistische-akademie-bb.de\/wp-content\/uploads\/2021\/05\/IMG-910a83ddaaed8e6e25bac0fd1801d23d-V-768x675.jpg 768w, https:\/\/buddhistische-akademie-bb.de\/wp-content\/uploads\/2021\/05\/IMG-910a83ddaaed8e6e25bac0fd1801d23d-V-816x718.jpg 816w, https:\/\/buddhistische-akademie-bb.de\/wp-content\/uploads\/2021\/05\/IMG-910a83ddaaed8e6e25bac0fd1801d23d-V.jpg 854w\" sizes=\"auto, (max-width: 600px) 100vw, 600px\" \/><\/p>\n<p><img loading=\"lazy\" decoding=\"async\" class=\"alignnone size-full wp-image-2541\" src=\"https:\/\/buddhistische-akademie-bb.de\/wp-content\/uploads\/2021\/05\/image_0_02_06_19.jpg\" alt=\"\" width=\"450\" height=\"600\" \/><\/p>\n<p>Christa Freisewinkel, Berlin, begleitet das Projekt, dokumentiert es und stellt sicher, dass die Spenden sinnvoll verwendet werden. Sie ist gerne bereit, weitere Fragen zum Projekt zu beantworten.<br \/>\nKontakt: Christa Freisewinkel, e-mail: info@ellipop.de<\/p>\n<p><span class=\"intensivb\">Spenden-Stichwort: Nonnekloster<\/span><br \/>\nChrista Freisewinkel: <a href=\"mailto:info@ellipop.de\">info@ellipop.de<\/a><\/p>\n<p class=\"headline4\">Spendenkonto<\/p>\n<p>Buddhistische Akademie Berlin Brandenburg<br \/>\nKonto: 1133834901<br \/>\nBLZ: 43060967<br \/>\nGLS Bank<br \/>\nIBAN-Nr:DE 53430 60967 11338 34901<br \/>\nBIC: GENODEM1GLS<\/p>\n<p class=\"subline\">Bitte geben Sie bei Ihren Spenden das entsprechende Spendenstichwort an.<\/p>\n<p class=\"headline3\">Dankesch\u00f6n.<br \/>\nWir freuen uns \u00fcber jede Spende.<\/p>\n<p><span class=\"subline\"> &gt;&gt; <a href=\"http:\/\/www.buddhist-academy.de\/pdf\/Spendenflyer 2011.pdf\" target=\"_blank\" rel=\"noopener noreferrer\">Spendenflyer als pdf<\/a> <\/span><\/p>\n","protected":false},"excerpt":{"rendered":"<p>Nonnenkloster Mya Yaung Ch\u00e8 in Yangon, Myanmar Das Kloster liegt in einem armen Au\u00dfenbezirk von Yangon in Myanmar (Burma). In diesem Kloster leben ca. 300 Nonnen, von denen viele aus armen Familien aus den Minderheitengebieten stammen. Die meisten der jungen Frauen wurden von ihren Eltern ins Kloster geschickt, da die Familieneink\u00fcnfte oftmals nicht ausreichen, die [&hellip;]<\/p>\n","protected":false},"author":1,"featured_media":0,"parent":0,"menu_order":0,"comment_status":"closed","ping_status":"closed","template":"","meta":{"footnotes":""},"class_list":["post-301","page","type-page","status-publish","hentry"],"yoast_head":"<!-- This site is optimized with the Yoast SEO plugin v25.3.1 - https:\/\/yoast.com\/wordpress\/plugins\/seo\/ -->\n<title>Nonnen Myanmar - Buddhistische Akademie Berlin-Brandenburg<\/title>\n<meta name=\"robots\" content=\"noindex, follow\" \/>\n<meta property=\"og:locale\" content=\"de_DE\" \/>\n<meta property=\"og:type\" content=\"article\" \/>\n<meta property=\"og:title\" content=\"Nonnen Myanmar - Buddhistische Akademie Berlin-Brandenburg\" \/>\n<meta property=\"og:description\" content=\"Nonnenkloster Mya Yaung Ch\u00e8 in Yangon, Myanmar Das Kloster liegt in einem armen Au\u00dfenbezirk von Yangon in Myanmar (Burma). In diesem Kloster leben ca. 300 Nonnen, von denen viele aus armen Familien aus den Minderheitengebieten stammen. Die meisten der jungen Frauen wurden von ihren Eltern ins Kloster geschickt, da die Familieneink\u00fcnfte oftmals nicht ausreichen, die [&hellip;]\" \/>\n<meta property=\"og:url\" content=\"https:\/\/buddhistische-akademie-bb.de\/?page_id=301\" \/>\n<meta property=\"og:site_name\" content=\"Buddhistische Akademie Berlin-Brandenburg\" \/>\n<meta property=\"article:publisher\" content=\"https:\/\/www.facebook.com\/profile.php?id=100009188940719\" \/>\n<meta property=\"article:modified_time\" content=\"2023-08-30T12:34:04+00:00\" \/>\n<meta property=\"og:image\" content=\"https:\/\/buddhistische-akademie-bb.de\/wp-content\/uploads\/2021\/05\/IMAG1782-600x338.jpg\" \/>\n<meta name=\"twitter:card\" content=\"summary_large_image\" \/>\n<meta name=\"twitter:label1\" content=\"Gesch\u00e4tzte Lesezeit\" \/>\n\t<meta name=\"twitter:data1\" content=\"2\u00a0Minuten\" \/>\n<script type=\"application\/ld+json\" class=\"yoast-schema-graph\">{\"@context\":\"https:\/\/schema.org\",\"@graph\":[{\"@type\":\"WebPage\",\"@id\":\"https:\/\/buddhistische-akademie-bb.de\/?page_id=301\",\"url\":\"https:\/\/buddhistische-akademie-bb.de\/?page_id=301\",\"name\":\"Nonnen Myanmar - Buddhistische Akademie Berlin-Brandenburg\",\"isPartOf\":{\"@id\":\"https:\/\/buddhistische-akademie-bb.de\/#website\"},\"primaryImageOfPage\":{\"@id\":\"https:\/\/buddhistische-akademie-bb.de\/?page_id=301#primaryimage\"},\"image\":{\"@id\":\"https:\/\/buddhistische-akademie-bb.de\/?page_id=301#primaryimage\"},\"thumbnailUrl\":\"https:\/\/buddhistische-akademie-bb.de\/wp-content\/uploads\/2021\/05\/IMAG1782-600x338.jpg\",\"datePublished\":\"2018-03-07T14:59:18+00:00\",\"dateModified\":\"2023-08-30T12:34:04+00:00\",\"breadcrumb\":{\"@id\":\"https:\/\/buddhistische-akademie-bb.de\/?page_id=301#breadcrumb\"},\"inLanguage\":\"de\",\"potentialAction\":[{\"@type\":\"ReadAction\",\"target\":[\"https:\/\/buddhistische-akademie-bb.de\/?page_id=301\"]}]},{\"@type\":\"ImageObject\",\"inLanguage\":\"de\",\"@id\":\"https:\/\/buddhistische-akademie-bb.de\/?page_id=301#primaryimage\",\"url\":\"https:\/\/buddhistische-akademie-bb.de\/wp-content\/uploads\/2021\/05\/IMAG1782-600x338.jpg\",\"contentUrl\":\"https:\/\/buddhistische-akademie-bb.de\/wp-content\/uploads\/2021\/05\/IMAG1782-600x338.jpg\"},{\"@type\":\"BreadcrumbList\",\"@id\":\"https:\/\/buddhistische-akademie-bb.de\/?page_id=301#breadcrumb\",\"itemListElement\":[{\"@type\":\"ListItem\",\"position\":1,\"name\":\"Startseite\",\"item\":\"https:\/\/buddhistische-akademie-bb.de\/\"},{\"@type\":\"ListItem\",\"position\":2,\"name\":\"Nonnen Myanmar\"}]},{\"@type\":\"WebSite\",\"@id\":\"https:\/\/buddhistische-akademie-bb.de\/#website\",\"url\":\"https:\/\/buddhistische-akademie-bb.de\/\",\"name\":\"Buddhistische Akademie Berlin-Brandenburg\",\"description\":\"\",\"publisher\":{\"@id\":\"https:\/\/buddhistische-akademie-bb.de\/#organization\"},\"potentialAction\":[{\"@type\":\"SearchAction\",\"target\":{\"@type\":\"EntryPoint\",\"urlTemplate\":\"https:\/\/buddhistische-akademie-bb.de\/?s={search_term_string}\"},\"query-input\":{\"@type\":\"PropertyValueSpecification\",\"valueRequired\":true,\"valueName\":\"search_term_string\"}}],\"inLanguage\":\"de\"},{\"@type\":\"Organization\",\"@id\":\"https:\/\/buddhistische-akademie-bb.de\/#organization\",\"name\":\"Buddhistische Akademie Berlin Brandenburg\",\"url\":\"https:\/\/buddhistische-akademie-bb.de\/\",\"logo\":{\"@type\":\"ImageObject\",\"inLanguage\":\"de\",\"@id\":\"https:\/\/buddhistische-akademie-bb.de\/#\/schema\/logo\/image\/\",\"url\":\"https:\/\/buddhistische-akademie-bb.de\/wp-content\/uploads\/2021\/05\/Logo.jpg\",\"contentUrl\":\"https:\/\/buddhistische-akademie-bb.de\/wp-content\/uploads\/2021\/05\/Logo.jpg\",\"width\":268,\"height\":260,\"caption\":\"Buddhistische Akademie Berlin Brandenburg\"},\"image\":{\"@id\":\"https:\/\/buddhistische-akademie-bb.de\/#\/schema\/logo\/image\/\"},\"sameAs\":[\"https:\/\/www.facebook.com\/profile.php?id=100009188940719\",\"https:\/\/www.youtube.com\/channel\/UCQxxUAV0IA-9FF2Icr4J6fQ\"]}]}<\/script>\n<!-- \/ Yoast SEO plugin. -->","yoast_head_json":{"title":"Nonnen Myanmar - Buddhistische Akademie Berlin-Brandenburg","robots":{"index":"noindex","follow":"follow"},"og_locale":"de_DE","og_type":"article","og_title":"Nonnen Myanmar - Buddhistische Akademie Berlin-Brandenburg","og_description":"Nonnenkloster Mya Yaung Ch\u00e8 in Yangon, Myanmar Das Kloster liegt in einem armen Au\u00dfenbezirk von Yangon in Myanmar (Burma). In diesem Kloster leben ca. 300 Nonnen, von denen viele aus armen Familien aus den Minderheitengebieten stammen. Die meisten der jungen Frauen wurden von ihren Eltern ins Kloster geschickt, da die Familieneink\u00fcnfte oftmals nicht ausreichen, die [&hellip;]","og_url":"https:\/\/buddhistische-akademie-bb.de\/?page_id=301","og_site_name":"Buddhistische Akademie Berlin-Brandenburg","article_publisher":"https:\/\/www.facebook.com\/profile.php?id=100009188940719","article_modified_time":"2023-08-30T12:34:04+00:00","og_image":[{"url":"https:\/\/buddhistische-akademie-bb.de\/wp-content\/uploads\/2021\/05\/IMAG1782-600x338.jpg","type":"","width":"","height":""}],"twitter_card":"summary_large_image","twitter_misc":{"Gesch\u00e4tzte Lesezeit":"2\u00a0Minuten"},"schema":{"@context":"https:\/\/schema.org","@graph":[{"@type":"WebPage","@id":"https:\/\/buddhistische-akademie-bb.de\/?page_id=301","url":"https:\/\/buddhistische-akademie-bb.de\/?page_id=301","name":"Nonnen Myanmar - Buddhistische Akademie Berlin-Brandenburg","isPartOf":{"@id":"https:\/\/buddhistische-akademie-bb.de\/#website"},"primaryImageOfPage":{"@id":"https:\/\/buddhistische-akademie-bb.de\/?page_id=301#primaryimage"},"image":{"@id":"https:\/\/buddhistische-akademie-bb.de\/?page_id=301#primaryimage"},"thumbnailUrl":"https:\/\/buddhistische-akademie-bb.de\/wp-content\/uploads\/2021\/05\/IMAG1782-600x338.jpg","datePublished":"2018-03-07T14:59:18+00:00","dateModified":"2023-08-30T12:34:04+00:00","breadcrumb":{"@id":"https:\/\/buddhistische-akademie-bb.de\/?page_id=301#breadcrumb"},"inLanguage":"de","potentialAction":[{"@type":"ReadAction","target":["https:\/\/buddhistische-akademie-bb.de\/?page_id=301"]}]},{"@type":"ImageObject","inLanguage":"de","@id":"https:\/\/buddhistische-akademie-bb.de\/?page_id=301#primaryimage","url":"https:\/\/buddhistische-akademie-bb.de\/wp-content\/uploads\/2021\/05\/IMAG1782-600x338.jpg","contentUrl":"https:\/\/buddhistische-akademie-bb.de\/wp-content\/uploads\/2021\/05\/IMAG1782-600x338.jpg"},{"@type":"BreadcrumbList","@id":"https:\/\/buddhistische-akademie-bb.de\/?page_id=301#breadcrumb","itemListElement":[{"@type":"ListItem","position":1,"name":"Startseite","item":"https:\/\/buddhistische-akademie-bb.de\/"},{"@type":"ListItem","position":2,"name":"Nonnen Myanmar"}]},{"@type":"WebSite","@id":"https:\/\/buddhistische-akademie-bb.de\/#website","url":"https:\/\/buddhistische-akademie-bb.de\/","name":"Buddhistische Akademie Berlin-Brandenburg","description":"","publisher":{"@id":"https:\/\/buddhistische-akademie-bb.de\/#organization"},"potentialAction":[{"@type":"SearchAction","target":{"@type":"EntryPoint","urlTemplate":"https:\/\/buddhistische-akademie-bb.de\/?s={search_term_string}"},"query-input":{"@type":"PropertyValueSpecification","valueRequired":true,"valueName":"search_term_string"}}],"inLanguage":"de"},{"@type":"Organization","@id":"https:\/\/buddhistische-akademie-bb.de\/#organization","name":"Buddhistische Akademie Berlin Brandenburg","url":"https:\/\/buddhistische-akademie-bb.de\/","logo":{"@type":"ImageObject","inLanguage":"de","@id":"https:\/\/buddhistische-akademie-bb.de\/#\/schema\/logo\/image\/","url":"https:\/\/buddhistische-akademie-bb.de\/wp-content\/uploads\/2021\/05\/Logo.jpg","contentUrl":"https:\/\/buddhistische-akademie-bb.de\/wp-content\/uploads\/2021\/05\/Logo.jpg","width":268,"height":260,"caption":"Buddhistische Akademie Berlin Brandenburg"},"image":{"@id":"https:\/\/buddhistische-akademie-bb.de\/#\/schema\/logo\/image\/"},"sameAs":["https:\/\/www.facebook.com\/profile.php?id=100009188940719","https:\/\/www.youtube.com\/channel\/UCQxxUAV0IA-9FF2Icr4J6fQ"]}]}},"_links":{"self":[{"href":"https:\/\/buddhistische-akademie-bb.de\/index.php?rest_route=\/wp\/v2\/pages\/301","targetHints":{"allow":["GET"]}}],"collection":[{"href":"https:\/\/buddhistische-akademie-bb.de\/index.php?rest_route=\/wp\/v2\/pages"}],"about":[{"href":"https:\/\/buddhistische-akademie-bb.de\/index.php?rest_route=\/wp\/v2\/types\/page"}],"author":[{"embeddable":true,"href":"https:\/\/buddhistische-akademie-bb.de\/index.php?rest_route=\/wp\/v2\/users\/1"}],"replies":[{"embeddable":true,"href":"https:\/\/buddhistische-akademie-bb.de\/index.php?rest_route=%2Fwp%2Fv2%2Fcomments&post=301"}],"version-history":[{"count":9,"href":"https:\/\/buddhistische-akademie-bb.de\/index.php?rest_route=\/wp\/v2\/pages\/301\/revisions"}],"predecessor-version":[{"id":4388,"href":"https:\/\/buddhistische-akademie-bb.de\/index.php?rest_route=\/wp\/v2\/pages\/301\/revisions\/4388"}],"wp:attachment":[{"href":"https:\/\/buddhistische-akademie-bb.de\/index.php?rest_route=%2Fwp%2Fv2%2Fmedia&parent=301"}],"curies":[{"name":"wp","href":"https:\/\/api.w.org\/{rel}","templated":true}]}}