{"id":311,"date":"2018-03-07T15:06:27","date_gmt":"2018-03-07T15:06:27","guid":{"rendered":"http:\/\/buddhistische-akademie-bb.de\/?page_id=311"},"modified":"2020-12-23T11:50:00","modified_gmt":"2020-12-23T11:50:00","slug":"buddhistische-akademie","status":"publish","type":"page","link":"https:\/\/buddhistische-akademie-bb.de\/?page_id=311","title":{"rendered":"Spenden"},"content":{"rendered":"<h5><img loading=\"lazy\" decoding=\"async\" class=\"size-full wp-image-1839 alignleft\" src=\"http:\/\/buddhistische-akademie-bb.de\/wp-content\/uploads\/2020\/10\/ursula-richard.gif\" alt=\"\" width=\"150\" height=\"188\" \/>Buddhistische Akademie<\/h5>\n<p>Um unsere Aktivit\u00e4ten: Vortragsabende, Seminare, Tagung\u00a0 weiterf\u00fchren zu k\u00f6nnen, sind wir auf Ihre finanzielle Unterst\u00fctzung angewiesen. Wir freuen uns \u00fcber gro\u00dfe und kleine Beitr\u00e4ge.<br \/>\nAuch mit Ihrer Mitgliedschaft im F\u00f6rderkreis der Akademie &#8211; ab \u20ac 100,- im Jahr &#8211; geben Sie unserer Arbeit ein solides finanzielles Fundament.<\/p>\n<p><strong><span class=\"intensivb\">Spenden-Stichwort: Buddhistische Akademie <\/span><\/strong><\/p>\n<p class=\"headline4\"><strong>Spendenkonto:<br \/>\n<\/strong>Buddhistische Akademie Berlin Brandenburg<br \/>\nKonto: 1133834901<br \/>\nBLZ: 43060967<br \/>\nGLS Bank<br \/>\nIBAN-Nr:DE 53430 60967 11338 34901<br \/>\nBIC: GENODEM1GLS<\/p>\n<p class=\"subline\">Bitte geben Sie bei Ihren Spenden das entsprechende Spendenstichwort an.<\/p>\n<p class=\"headline3\">Dankesch\u00f6n.<br \/>\nWir freuen uns \u00fcber jede Spende.<\/p>\n","protected":false},"excerpt":{"rendered":"<p>Buddhistische Akademie Um unsere Aktivit\u00e4ten: Vortragsabende, Seminare, Tagung\u00a0 weiterf\u00fchren zu k\u00f6nnen, sind wir auf Ihre finanzielle Unterst\u00fctzung angewiesen. Wir freuen uns \u00fcber gro\u00dfe und kleine Beitr\u00e4ge. Auch mit Ihrer Mitgliedschaft im F\u00f6rderkreis der Akademie &#8211; ab \u20ac 100,- im Jahr &#8211; geben Sie unserer Arbeit ein solides finanzielles Fundament. Spenden-Stichwort: Buddhistische Akademie Spendenkonto: Buddhistische Akademie [&hellip;]<\/p>\n","protected":false},"author":1,"featured_media":0,"parent":0,"menu_order":0,"comment_status":"closed","ping_status":"closed","template":"","meta":{"footnotes":""},"class_list":["post-311","page","type-page","status-publish","hentry"],"yoast_head":"<!-- This site is optimized with the Yoast SEO plugin v25.3.1 - https:\/\/yoast.com\/wordpress\/plugins\/seo\/ -->\n<title>Spenden - Buddhistische Akademie Berlin-Brandenburg<\/title>\n<meta name=\"robots\" content=\"noindex, follow\" \/>\n<meta property=\"og:locale\" content=\"de_DE\" \/>\n<meta property=\"og:type\" content=\"article\" \/>\n<meta property=\"og:title\" content=\"Spenden - Buddhistische Akademie Berlin-Brandenburg\" \/>\n<meta property=\"og:description\" content=\"Buddhistische Akademie Um unsere Aktivit\u00e4ten: Vortragsabende, Seminare, Tagung\u00a0 weiterf\u00fchren zu k\u00f6nnen, sind wir auf Ihre finanzielle Unterst\u00fctzung angewiesen. Wir freuen uns \u00fcber gro\u00dfe und kleine Beitr\u00e4ge. Auch mit Ihrer Mitgliedschaft im F\u00f6rderkreis der Akademie &#8211; ab \u20ac 100,- im Jahr &#8211; geben Sie unserer Arbeit ein solides finanzielles Fundament. Spenden-Stichwort: Buddhistische Akademie Spendenkonto: Buddhistische Akademie [&hellip;]\" \/>\n<meta property=\"og:url\" content=\"https:\/\/buddhistische-akademie-bb.de\/?page_id=311\" \/>\n<meta property=\"og:site_name\" content=\"Buddhistische Akademie Berlin-Brandenburg\" \/>\n<meta property=\"article:publisher\" content=\"https:\/\/www.facebook.com\/profile.php?id=100009188940719\" \/>\n<meta property=\"article:modified_time\" content=\"2020-12-23T11:50:00+00:00\" \/>\n<meta property=\"og:image\" content=\"https:\/\/buddhistische-akademie-bb.de\/wp-content\/uploads\/2020\/10\/ursula-richard.gif\" \/>\n\t<meta property=\"og:image:width\" content=\"150\" \/>\n\t<meta property=\"og:image:height\" content=\"188\" \/>\n\t<meta property=\"og:image:type\" content=\"image\/gif\" \/>\n<meta name=\"twitter:card\" content=\"summary_large_image\" \/>\n<script type=\"application\/ld+json\" class=\"yoast-schema-graph\">{\"@context\":\"https:\/\/schema.org\",\"@graph\":[{\"@type\":\"WebPage\",\"@id\":\"https:\/\/buddhistische-akademie-bb.de\/?page_id=311\",\"url\":\"https:\/\/buddhistische-akademie-bb.de\/?page_id=311\",\"name\":\"Spenden - Buddhistische Akademie Berlin-Brandenburg\",\"isPartOf\":{\"@id\":\"https:\/\/buddhistische-akademie-bb.de\/#website\"},\"primaryImageOfPage\":{\"@id\":\"https:\/\/buddhistische-akademie-bb.de\/?page_id=311#primaryimage\"},\"image\":{\"@id\":\"https:\/\/buddhistische-akademie-bb.de\/?page_id=311#primaryimage\"},\"thumbnailUrl\":\"http:\/\/buddhistische-akademie-bb.de\/wp-content\/uploads\/2020\/10\/ursula-richard.gif\",\"datePublished\":\"2018-03-07T15:06:27+00:00\",\"dateModified\":\"2020-12-23T11:50:00+00:00\",\"breadcrumb\":{\"@id\":\"https:\/\/buddhistische-akademie-bb.de\/?page_id=311#breadcrumb\"},\"inLanguage\":\"de\",\"potentialAction\":[{\"@type\":\"ReadAction\",\"target\":[\"https:\/\/buddhistische-akademie-bb.de\/?page_id=311\"]}]},{\"@type\":\"ImageObject\",\"inLanguage\":\"de\",\"@id\":\"https:\/\/buddhistische-akademie-bb.de\/?page_id=311#primaryimage\",\"url\":\"https:\/\/buddhistische-akademie-bb.de\/wp-content\/uploads\/2020\/10\/ursula-richard.gif\",\"contentUrl\":\"https:\/\/buddhistische-akademie-bb.de\/wp-content\/uploads\/2020\/10\/ursula-richard.gif\",\"width\":150,\"height\":188},{\"@type\":\"BreadcrumbList\",\"@id\":\"https:\/\/buddhistische-akademie-bb.de\/?page_id=311#breadcrumb\",\"itemListElement\":[{\"@type\":\"ListItem\",\"position\":1,\"name\":\"Startseite\",\"item\":\"https:\/\/buddhistische-akademie-bb.de\/\"},{\"@type\":\"ListItem\",\"position\":2,\"name\":\"Spenden\"}]},{\"@type\":\"WebSite\",\"@id\":\"https:\/\/buddhistische-akademie-bb.de\/#website\",\"url\":\"https:\/\/buddhistische-akademie-bb.de\/\",\"name\":\"Buddhistische Akademie Berlin-Brandenburg\",\"description\":\"\",\"publisher\":{\"@id\":\"https:\/\/buddhistische-akademie-bb.de\/#organization\"},\"potentialAction\":[{\"@type\":\"SearchAction\",\"target\":{\"@type\":\"EntryPoint\",\"urlTemplate\":\"https:\/\/buddhistische-akademie-bb.de\/?s={search_term_string}\"},\"query-input\":{\"@type\":\"PropertyValueSpecification\",\"valueRequired\":true,\"valueName\":\"search_term_string\"}}],\"inLanguage\":\"de\"},{\"@type\":\"Organization\",\"@id\":\"https:\/\/buddhistische-akademie-bb.de\/#organization\",\"name\":\"Buddhistische Akademie Berlin Brandenburg\",\"url\":\"https:\/\/buddhistische-akademie-bb.de\/\",\"logo\":{\"@type\":\"ImageObject\",\"inLanguage\":\"de\",\"@id\":\"https:\/\/buddhistische-akademie-bb.de\/#\/schema\/logo\/image\/\",\"url\":\"https:\/\/buddhistische-akademie-bb.de\/wp-content\/uploads\/2021\/05\/Logo.jpg\",\"contentUrl\":\"https:\/\/buddhistische-akademie-bb.de\/wp-content\/uploads\/2021\/05\/Logo.jpg\",\"width\":268,\"height\":260,\"caption\":\"Buddhistische Akademie Berlin Brandenburg\"},\"image\":{\"@id\":\"https:\/\/buddhistische-akademie-bb.de\/#\/schema\/logo\/image\/\"},\"sameAs\":[\"https:\/\/www.facebook.com\/profile.php?id=100009188940719\",\"https:\/\/www.youtube.com\/channel\/UCQxxUAV0IA-9FF2Icr4J6fQ\"]}]}<\/script>\n<!-- \/ Yoast SEO plugin. -->","yoast_head_json":{"title":"Spenden - Buddhistische Akademie Berlin-Brandenburg","robots":{"index":"noindex","follow":"follow"},"og_locale":"de_DE","og_type":"article","og_title":"Spenden - Buddhistische Akademie Berlin-Brandenburg","og_description":"Buddhistische Akademie Um unsere Aktivit\u00e4ten: Vortragsabende, Seminare, Tagung\u00a0 weiterf\u00fchren zu k\u00f6nnen, sind wir auf Ihre finanzielle Unterst\u00fctzung angewiesen. Wir freuen uns \u00fcber gro\u00dfe und kleine Beitr\u00e4ge. Auch mit Ihrer Mitgliedschaft im F\u00f6rderkreis der Akademie &#8211; ab \u20ac 100,- im Jahr &#8211; geben Sie unserer Arbeit ein solides finanzielles Fundament. Spenden-Stichwort: Buddhistische Akademie Spendenkonto: Buddhistische Akademie [&hellip;]","og_url":"https:\/\/buddhistische-akademie-bb.de\/?page_id=311","og_site_name":"Buddhistische Akademie Berlin-Brandenburg","article_publisher":"https:\/\/www.facebook.com\/profile.php?id=100009188940719","article_modified_time":"2020-12-23T11:50:00+00:00","og_image":[{"width":150,"height":188,"url":"https:\/\/buddhistische-akademie-bb.de\/wp-content\/uploads\/2020\/10\/ursula-richard.gif","type":"image\/gif"}],"twitter_card":"summary_large_image","schema":{"@context":"https:\/\/schema.org","@graph":[{"@type":"WebPage","@id":"https:\/\/buddhistische-akademie-bb.de\/?page_id=311","url":"https:\/\/buddhistische-akademie-bb.de\/?page_id=311","name":"Spenden - Buddhistische Akademie Berlin-Brandenburg","isPartOf":{"@id":"https:\/\/buddhistische-akademie-bb.de\/#website"},"primaryImageOfPage":{"@id":"https:\/\/buddhistische-akademie-bb.de\/?page_id=311#primaryimage"},"image":{"@id":"https:\/\/buddhistische-akademie-bb.de\/?page_id=311#primaryimage"},"thumbnailUrl":"http:\/\/buddhistische-akademie-bb.de\/wp-content\/uploads\/2020\/10\/ursula-richard.gif","datePublished":"2018-03-07T15:06:27+00:00","dateModified":"2020-12-23T11:50:00+00:00","breadcrumb":{"@id":"https:\/\/buddhistische-akademie-bb.de\/?page_id=311#breadcrumb"},"inLanguage":"de","potentialAction":[{"@type":"ReadAction","target":["https:\/\/buddhistische-akademie-bb.de\/?page_id=311"]}]},{"@type":"ImageObject","inLanguage":"de","@id":"https:\/\/buddhistische-akademie-bb.de\/?page_id=311#primaryimage","url":"https:\/\/buddhistische-akademie-bb.de\/wp-content\/uploads\/2020\/10\/ursula-richard.gif","contentUrl":"https:\/\/buddhistische-akademie-bb.de\/wp-content\/uploads\/2020\/10\/ursula-richard.gif","width":150,"height":188},{"@type":"BreadcrumbList","@id":"https:\/\/buddhistische-akademie-bb.de\/?page_id=311#breadcrumb","itemListElement":[{"@type":"ListItem","position":1,"name":"Startseite","item":"https:\/\/buddhistische-akademie-bb.de\/"},{"@type":"ListItem","position":2,"name":"Spenden"}]},{"@type":"WebSite","@id":"https:\/\/buddhistische-akademie-bb.de\/#website","url":"https:\/\/buddhistische-akademie-bb.de\/","name":"Buddhistische Akademie Berlin-Brandenburg","description":"","publisher":{"@id":"https:\/\/buddhistische-akademie-bb.de\/#organization"},"potentialAction":[{"@type":"SearchAction","target":{"@type":"EntryPoint","urlTemplate":"https:\/\/buddhistische-akademie-bb.de\/?s={search_term_string}"},"query-input":{"@type":"PropertyValueSpecification","valueRequired":true,"valueName":"search_term_string"}}],"inLanguage":"de"},{"@type":"Organization","@id":"https:\/\/buddhistische-akademie-bb.de\/#organization","name":"Buddhistische Akademie Berlin Brandenburg","url":"https:\/\/buddhistische-akademie-bb.de\/","logo":{"@type":"ImageObject","inLanguage":"de","@id":"https:\/\/buddhistische-akademie-bb.de\/#\/schema\/logo\/image\/","url":"https:\/\/buddhistische-akademie-bb.de\/wp-content\/uploads\/2021\/05\/Logo.jpg","contentUrl":"https:\/\/buddhistische-akademie-bb.de\/wp-content\/uploads\/2021\/05\/Logo.jpg","width":268,"height":260,"caption":"Buddhistische Akademie Berlin Brandenburg"},"image":{"@id":"https:\/\/buddhistische-akademie-bb.de\/#\/schema\/logo\/image\/"},"sameAs":["https:\/\/www.facebook.com\/profile.php?id=100009188940719","https:\/\/www.youtube.com\/channel\/UCQxxUAV0IA-9FF2Icr4J6fQ"]}]}},"_links":{"self":[{"href":"https:\/\/buddhistische-akademie-bb.de\/index.php?rest_route=\/wp\/v2\/pages\/311","targetHints":{"allow":["GET"]}}],"collection":[{"href":"https:\/\/buddhistische-akademie-bb.de\/index.php?rest_route=\/wp\/v2\/pages"}],"about":[{"href":"https:\/\/buddhistische-akademie-bb.de\/index.php?rest_route=\/wp\/v2\/types\/page"}],"author":[{"embeddable":true,"href":"https:\/\/buddhistische-akademie-bb.de\/index.php?rest_route=\/wp\/v2\/users\/1"}],"replies":[{"embeddable":true,"href":"https:\/\/buddhistische-akademie-bb.de\/index.php?rest_route=%2Fwp%2Fv2%2Fcomments&post=311"}],"version-history":[{"count":4,"href":"https:\/\/buddhistische-akademie-bb.de\/index.php?rest_route=\/wp\/v2\/pages\/311\/revisions"}],"predecessor-version":[{"id":2004,"href":"https:\/\/buddhistische-akademie-bb.de\/index.php?rest_route=\/wp\/v2\/pages\/311\/revisions\/2004"}],"wp:attachment":[{"href":"https:\/\/buddhistische-akademie-bb.de\/index.php?rest_route=%2Fwp%2Fv2%2Fmedia&parent=311"}],"curies":[{"name":"wp","href":"https:\/\/api.w.org\/{rel}","templated":true}]}}