{"id":34,"date":"2017-11-17T11:38:55","date_gmt":"2017-11-17T11:38:55","guid":{"rendered":"http:\/\/buddhistische-akademie-bb.de\/?page_id=34"},"modified":"2024-08-25T10:36:22","modified_gmt":"2024-08-25T10:36:22","slug":"impressum","status":"publish","type":"page","link":"https:\/\/buddhistische-akademie-bb.de\/?page_id=34","title":{"rendered":"Impressum und Datenschutz"},"content":{"rendered":"<p>Angaben gem\u00e4\u00df \u00a7 5 TMG:<br \/>\nBuddhistische Akademie Berlin Brandenburg<br \/>\nHeidenheimer Str. 27<br \/>\n13467 Berlin<\/p>\n<p>Vertreten durch: Sylvia Wetzel, Ursula Richard<br \/>\nKontakt: Telefon: 03063964616, E-Mail: office@buddhistische-akademie-bb.de<\/p>\n<p>Aufsichtsbeh\u00f6rde:<br \/>\nSenatsverwaltung f\u00fcr Justiz Berlin<\/p>\n<p>Verantwortlich f\u00fcr den Inhalt nach \u00a7 55 Abs. 2 RStV:<br \/>\nBuddhistische Akademie Berlin Brandenburg<br \/>\nc\/o Sylvia Wetzel, Lindenstra\u00dfe 6,<br \/>\n14974 Ludwigsfelde, OT J\u00fctchendorf<\/p>\n<p>B\u00fcro: Heidenheimer Str. 27<br \/>\n13467 Berlin<br \/>\nFon (030) 639 646 16<\/p>\n<p><a href=\"mailto:office@buddhistische-akademie-bb.de\">office@buddhistische-akademie-bb.de<\/a><br \/>\n<a href=\"http:\/\/www.buddhistische-akademie-bb.de\">www.buddhistische-akademie-bb.de<\/a><\/p>\n<p>Gemeinn\u00fctzige Stiftung privaten Rechts<\/p>\n<p>Rechtsf\u00e4hige Stiftung des b\u00fcrgerlichen Rechts mit Sitz in Berlin<br \/>\nGenehmigt am 9. M\u00e4rz 2001 von der<br \/>\nSenatsverwaltung f\u00fcr Justiz in Berlin<br \/>\nSteuernummer 605\/54610<br \/>\nFinanzamt f\u00fcr K\u00f6rperschaften 1<br \/>\nGerichtstr. 27, 13347 Berlin<br \/>\nVBG Mitgliedsnummer 0920267548<br \/>\nVorstand: Sylvia Wetzel, Ursula Richard<\/p>\n<h5>Bildnachweis:<\/h5>\n<p><span class=\"intensiv\">Titelgrafik: <\/span>Rad der Lehre, Marita Wiemer &#8211; Berlin<\/p>\n<h5>Haftungshinweis<\/h5>\n<p>Haftungsausschluss (Disclaimer)<br \/>\n<strong>Haftung f\u00fcr Inhalte <\/strong><br \/>\nAls Diensteanbieter sind wir gem\u00e4\u00df \u00a7 7 Abs.1 TMG f\u00fcr eigene Inhalte auf diesen Seiten nach den allgemeinen Gesetzen verantwortlich. Nach \u00a7\u00a7 8 bis 10 TMG sind wir als Diensteanbieter jedoch nicht verpflichtet, \u00fcbermittelte oder gespeicherte fremde Informationen zu \u00fcberwachen oder nach Umst\u00e4nden zu forschen, die auf eine rechtswidrige T\u00e4tigkeit hinweisen. Verpflichtungen zur Entfernung oder Sperrung der Nutzung von Informationen nach den allgemeinen Gesetzen bleiben hiervon unber\u00fchrt. Eine diesbez\u00fcgliche Haftung ist jedoch erst ab dem Zeitpunkt der Kenntnis einer konkreten Rechtsverletzung m\u00f6glich. Bei Bekanntwerden von entsprechenden Rechtsverletzungen werden wir diese Inhalte umgehend entfernen.<\/p>\n<p><strong>Haftung f\u00fcr Links <\/strong><br \/>\nUnser Angebot enth\u00e4lt Links zu externen Webseiten Dritter, auf deren Inhalte wir keinen Einfluss haben. Deshalb k\u00f6nnen wir f\u00fcr diese fremden Inhalte auch keine Gew\u00e4hr \u00fcbernehmen. F\u00fcr die Inhalte der verlinkten Seiten ist stets der jeweilige Anbieter oder Betreiber der Seiten verantwortlich. Die verlinkten Seiten wurden zum Zeitpunkt der Verlinkung auf m\u00f6gliche Rechtsverst\u00f6\u00dfe \u00fcberpr\u00fcft. Rechtswidrige Inhalte waren zum Zeitpunkt der Verlinkung nicht erkennbar. Eine permanente inhaltliche Kontrolle der verlinkten Seiten ist jedoch ohne konkrete Anhaltspunkte einer Rechtsverletzung nicht zumutbar. Bei Bekanntwerden von Rechtsverletzungen werden wir derartige Links umgehend entfernen.<\/p>\n<p><strong>Urheberrecht<\/strong><br \/>\nDie durch die Seitenbetreiber erstellten Inhalte und Werke auf diesen Seiten unterliegen dem deutschen Urheberrecht. Die Vervielf\u00e4ltigung, Bearbeitung, Verbreitung und jede Art der Verwertung au\u00dferhalb der Grenzen des Urheberrechtes bed\u00fcrfen der schriftlichen Zustimmung des jeweiligen Autors bzw. Erstellers. Downloads und Kopien dieser Seite sind nur f\u00fcr den privaten, nicht kommerziellen Gebrauch gestattet. Soweit die Inhalte auf dieser Seite nicht vom Betreiber erstellt wurden, werden die Urheberrechte Dritter beachtet. Insbesondere werden Inhalte Dritter als solche gekennzeichnet. Sollten Sie trotzdem auf eine Urheberrechtsverletzung aufmerksam werden, bitten wir um einen entsprechenden Hinweis. Bei Bekanntwerden von Rechtsverletzungen werden wir derartige Inhalte umgehend entfernen.<\/p>\n<p><strong>Widerspruch Werbe-Mails <\/strong><br \/>\nDer Nutzung von im Rahmen der Impressumspflicht ver\u00f6ffentlichten Kontaktdaten zur \u00dcbersendung von nicht ausdr\u00fccklich angeforderter Werbung und Informationsmaterialien wird hiermit widersprochen. Die Betreiber der<br \/>\nSeiten behalten sich ausdr\u00fccklich rechtliche Schritte im Falle der unverlangten Zusendung von Werbeinformationen, etwa durch Spam-E-Mails, vor.<\/p>\n<h2><strong>Datenschutz <\/strong><\/h2>\n<p>Die Betreiber dieser Seiten nehmen den Schutz Ihrer pers\u00f6nlichen Daten sehr ernst. Wir behandeln Ihre personenbezogenen Daten vertraulich und entsprechend der gesetzlichen Datenschutzvorschriften sowie dieser Datenschutzerkl\u00e4rung. Die Nutzung unserer Webseite ist in der Regel ohne Angabe personenbezogener Daten m\u00f6glich. Soweit auf unseren Seiten personenbezogene Daten (beispielsweise Name, Anschrift oder E-Mail-Adressen) erhoben werden, erfolgt dies, soweit m\u00f6glich, stets auf freiwilliger Basis. Diese Daten werden ohne Ihre ausdr\u00fcckliche Zustimmung nicht an Dritte weitergegeben.<\/p>\n<p>Wir weisen darauf hin, dass die Daten\u00fcbertragung im Internet (z.B. bei der Kommunikation per E-Mail) Sicherheitsl\u00fccken aufweisen kann. Ein l\u00fcckenloser Schutz der Daten vor dem Zugriff durch Dritte ist nicht m\u00f6glich.<br \/>\n<strong><br \/>\nCookies<\/strong><br \/>\nWenn Sie auf unsere Website zugreifen, werden automatisch mittels eines Cookies Informationen allgemeiner Natur erfasst. Diese Informationen (Server-Logfiles) beinhalten etwa die Art des Webbrowsers, das verwendete Betriebssystem, den Domainnamen Ihres Internet-Service-Providers und \u00e4hnliches. Hierbei handelt es sich ausschlie\u00dflich um Informationen, welche keine R\u00fcckschl\u00fcsse auf Ihre Person zulassen. Diese Informationen sind technisch notwendig, um von Ihnen angeforderte Inhalte von Webseiten korrekt auszuliefern und fallen bei Nutzung des Internets zwingend an. Sie werden insbesondere zu folgenden Zwecken verarbeitet:<\/p>\n<p>&#8211; Sicherstellung eines problemlosen Verbindungsaufbaus der Website,<br \/>\n&#8211; Sicherstellung einer reibungslosen Nutzung unserer Website,<br \/>\n&#8211; Auswertung der Systemsicherheit und -stabilit\u00e4t sowiezu weiteren administrativen Zwecken.<\/p>\n<p>Die Verarbeitung Ihrer personenbezogenen Daten basiert auf unserem berechtigten Interesse aus den vorgenannten Zwecken zur Datenerhebung. Wir verwenden Ihre Daten nicht, um R\u00fcckschl\u00fcsse auf Ihre Person zu ziehen. Empf\u00e4nger der Daten sind nur die verantwortliche Stelle und ggf. Auftragsverarbeiter. Anonyme Informationen dieser Art werden von uns ggfs. statistisch ausgewertet, um unseren Internetauftritt und die dahinterstehende Technik zu optimieren.<\/p>\n<p><strong>Widerspruch gegen Werbe-Mails <\/strong><br \/>\nDer Nutzung von im Rahmen der Impressumspflicht ver\u00f6ffentlichten Kontaktdaten durch Dritte zur \u00dcbersendung von nicht ausdr\u00fccklich angeforderter Werbung und Informationsmaterialien wird hiermit ausdr\u00fccklich widersprochen. Die Betreiber der Seiten behalten sich ausdr\u00fccklich rechtliche Schritte im Falle der unverlangten Zusendung von Werbeinformationen, etwa durch Spam-Mails, vor.<\/p>\n<p><strong>Newsletter<\/strong><br \/>\nF\u00fcr das Erstellen, den Versand und die statistische Analyse des Newsletters verwenden wir die Software von Mailchimp. Mailchimp (The Rocket Science Group, LLC, 675 Ponce de Leon Ave NE, Suite 5000.\u00a0Atlanta, GA 30308 USA) wurde hierf\u00fcr von uns als Dienstleister beauftragt. Ihre Daten werden nur bei Mailchimp gespeichert. Statistische Analysen (\u00d6ffnungsraten und Klickzahlen) erfolgen ausschlie\u00dflich anonymisiert.<\/p>\n<p>Die Einwilligung zur Speicherung Ihrer pers\u00f6nlichen Daten und ihrer Nutzung f\u00fcr den Newsletterversand k\u00f6nnen Sie jederzeit widerrufen. In jedem Newsletter findet sich dazu ganz unten am Fu\u00df der Seite ein entsprechender Link (\u201eNewsletter abbestellen\u201c).<\/p>\n<p>Genehmigungsbedingungen von MailChimp:\u00a0Ihre E-Mail-Adresse\u00a0wird\u00a0in unserem MailChimp-Konto gespeichert, da MailChimp unser Tool f\u00fcr den Newsletter-Versand ist. Hier sind die\u00a0<a href=\"https:\/\/quelle-des-mitgefuehls.us11.list-manage.com\/track\/click?u=c48a320af0898a59c3d8ce71b&amp;id=029c77d2f7&amp;e=720579f4cb\">Datenschutzerkl\u00e4rung<\/a>\u00a0von MailChimp\u00a0sowie die\u00a0<a href=\"https:\/\/quelle-des-mitgefuehls.us11.list-manage.com\/track\/click?u=c48a320af0898a59c3d8ce71b&amp;id=42db46c000&amp;e=720579f4cb\">Nutzungsbedingungen<\/a>.<\/p>\n","protected":false},"excerpt":{"rendered":"<p>Angaben gem\u00e4\u00df \u00a7 5 TMG: Buddhistische Akademie Berlin Brandenburg Heidenheimer Str. 27 13467 Berlin Vertreten durch: Sylvia Wetzel, Ursula Richard Kontakt: Telefon: 03063964616, E-Mail: office@buddhistische-akademie-bb.de Aufsichtsbeh\u00f6rde: Senatsverwaltung f\u00fcr Justiz Berlin Verantwortlich f\u00fcr den Inhalt nach \u00a7 55 Abs. 2 RStV: Buddhistische Akademie Berlin Brandenburg c\/o Sylvia Wetzel, Lindenstra\u00dfe 6, 14974 Ludwigsfelde, OT J\u00fctchendorf B\u00fcro: Heidenheimer [&hellip;]<\/p>\n","protected":false},"author":1,"featured_media":0,"parent":0,"menu_order":0,"comment_status":"closed","ping_status":"closed","template":"","meta":{"footnotes":""},"class_list":["post-34","page","type-page","status-publish","hentry"],"yoast_head":"<!-- This site is optimized with the Yoast SEO plugin v25.3.1 - https:\/\/yoast.com\/wordpress\/plugins\/seo\/ -->\n<title>Impressum und Datenschutz - Buddhistische Akademie Berlin-Brandenburg<\/title>\n<meta name=\"robots\" content=\"noindex, follow\" \/>\n<meta property=\"og:locale\" content=\"de_DE\" \/>\n<meta property=\"og:type\" content=\"article\" \/>\n<meta property=\"og:title\" content=\"Impressum und Datenschutz - Buddhistische Akademie Berlin-Brandenburg\" \/>\n<meta property=\"og:description\" content=\"Angaben gem\u00e4\u00df \u00a7 5 TMG: Buddhistische Akademie Berlin Brandenburg Heidenheimer Str. 27 13467 Berlin Vertreten durch: Sylvia Wetzel, Ursula Richard Kontakt: Telefon: 03063964616, E-Mail: office@buddhistische-akademie-bb.de Aufsichtsbeh\u00f6rde: Senatsverwaltung f\u00fcr Justiz Berlin Verantwortlich f\u00fcr den Inhalt nach \u00a7 55 Abs. 2 RStV: Buddhistische Akademie Berlin Brandenburg c\/o Sylvia Wetzel, Lindenstra\u00dfe 6, 14974 Ludwigsfelde, OT J\u00fctchendorf B\u00fcro: Heidenheimer [&hellip;]\" \/>\n<meta property=\"og:url\" content=\"https:\/\/buddhistische-akademie-bb.de\/?page_id=34\" \/>\n<meta property=\"og:site_name\" content=\"Buddhistische Akademie Berlin-Brandenburg\" \/>\n<meta property=\"article:publisher\" content=\"https:\/\/www.facebook.com\/profile.php?id=100009188940719\" \/>\n<meta property=\"article:modified_time\" content=\"2024-08-25T10:36:22+00:00\" \/>\n<meta name=\"twitter:card\" content=\"summary_large_image\" \/>\n<meta name=\"twitter:label1\" content=\"Gesch\u00e4tzte Lesezeit\" \/>\n\t<meta name=\"twitter:data1\" content=\"5\u00a0Minuten\" \/>\n<script type=\"application\/ld+json\" class=\"yoast-schema-graph\">{\"@context\":\"https:\/\/schema.org\",\"@graph\":[{\"@type\":\"WebPage\",\"@id\":\"https:\/\/buddhistische-akademie-bb.de\/?page_id=34\",\"url\":\"https:\/\/buddhistische-akademie-bb.de\/?page_id=34\",\"name\":\"Impressum und Datenschutz - Buddhistische Akademie Berlin-Brandenburg\",\"isPartOf\":{\"@id\":\"https:\/\/buddhistische-akademie-bb.de\/#website\"},\"datePublished\":\"2017-11-17T11:38:55+00:00\",\"dateModified\":\"2024-08-25T10:36:22+00:00\",\"breadcrumb\":{\"@id\":\"https:\/\/buddhistische-akademie-bb.de\/?page_id=34#breadcrumb\"},\"inLanguage\":\"de\",\"potentialAction\":[{\"@type\":\"ReadAction\",\"target\":[\"https:\/\/buddhistische-akademie-bb.de\/?page_id=34\"]}]},{\"@type\":\"BreadcrumbList\",\"@id\":\"https:\/\/buddhistische-akademie-bb.de\/?page_id=34#breadcrumb\",\"itemListElement\":[{\"@type\":\"ListItem\",\"position\":1,\"name\":\"Startseite\",\"item\":\"https:\/\/buddhistische-akademie-bb.de\/\"},{\"@type\":\"ListItem\",\"position\":2,\"name\":\"Impressum und Datenschutz\"}]},{\"@type\":\"WebSite\",\"@id\":\"https:\/\/buddhistische-akademie-bb.de\/#website\",\"url\":\"https:\/\/buddhistische-akademie-bb.de\/\",\"name\":\"Buddhistische Akademie Berlin-Brandenburg\",\"description\":\"\",\"publisher\":{\"@id\":\"https:\/\/buddhistische-akademie-bb.de\/#organization\"},\"potentialAction\":[{\"@type\":\"SearchAction\",\"target\":{\"@type\":\"EntryPoint\",\"urlTemplate\":\"https:\/\/buddhistische-akademie-bb.de\/?s={search_term_string}\"},\"query-input\":{\"@type\":\"PropertyValueSpecification\",\"valueRequired\":true,\"valueName\":\"search_term_string\"}}],\"inLanguage\":\"de\"},{\"@type\":\"Organization\",\"@id\":\"https:\/\/buddhistische-akademie-bb.de\/#organization\",\"name\":\"Buddhistische Akademie Berlin Brandenburg\",\"url\":\"https:\/\/buddhistische-akademie-bb.de\/\",\"logo\":{\"@type\":\"ImageObject\",\"inLanguage\":\"de\",\"@id\":\"https:\/\/buddhistische-akademie-bb.de\/#\/schema\/logo\/image\/\",\"url\":\"https:\/\/buddhistische-akademie-bb.de\/wp-content\/uploads\/2021\/05\/Logo.jpg\",\"contentUrl\":\"https:\/\/buddhistische-akademie-bb.de\/wp-content\/uploads\/2021\/05\/Logo.jpg\",\"width\":268,\"height\":260,\"caption\":\"Buddhistische Akademie Berlin Brandenburg\"},\"image\":{\"@id\":\"https:\/\/buddhistische-akademie-bb.de\/#\/schema\/logo\/image\/\"},\"sameAs\":[\"https:\/\/www.facebook.com\/profile.php?id=100009188940719\",\"https:\/\/www.youtube.com\/channel\/UCQxxUAV0IA-9FF2Icr4J6fQ\"]}]}<\/script>\n<!-- \/ Yoast SEO plugin. -->","yoast_head_json":{"title":"Impressum und Datenschutz - Buddhistische Akademie Berlin-Brandenburg","robots":{"index":"noindex","follow":"follow"},"og_locale":"de_DE","og_type":"article","og_title":"Impressum und Datenschutz - Buddhistische Akademie Berlin-Brandenburg","og_description":"Angaben gem\u00e4\u00df \u00a7 5 TMG: Buddhistische Akademie Berlin Brandenburg Heidenheimer Str. 27 13467 Berlin Vertreten durch: Sylvia Wetzel, Ursula Richard Kontakt: Telefon: 03063964616, E-Mail: office@buddhistische-akademie-bb.de Aufsichtsbeh\u00f6rde: Senatsverwaltung f\u00fcr Justiz Berlin Verantwortlich f\u00fcr den Inhalt nach \u00a7 55 Abs. 2 RStV: Buddhistische Akademie Berlin Brandenburg c\/o Sylvia Wetzel, Lindenstra\u00dfe 6, 14974 Ludwigsfelde, OT J\u00fctchendorf B\u00fcro: Heidenheimer [&hellip;]","og_url":"https:\/\/buddhistische-akademie-bb.de\/?page_id=34","og_site_name":"Buddhistische Akademie Berlin-Brandenburg","article_publisher":"https:\/\/www.facebook.com\/profile.php?id=100009188940719","article_modified_time":"2024-08-25T10:36:22+00:00","twitter_card":"summary_large_image","twitter_misc":{"Gesch\u00e4tzte Lesezeit":"5\u00a0Minuten"},"schema":{"@context":"https:\/\/schema.org","@graph":[{"@type":"WebPage","@id":"https:\/\/buddhistische-akademie-bb.de\/?page_id=34","url":"https:\/\/buddhistische-akademie-bb.de\/?page_id=34","name":"Impressum und Datenschutz - Buddhistische Akademie Berlin-Brandenburg","isPartOf":{"@id":"https:\/\/buddhistische-akademie-bb.de\/#website"},"datePublished":"2017-11-17T11:38:55+00:00","dateModified":"2024-08-25T10:36:22+00:00","breadcrumb":{"@id":"https:\/\/buddhistische-akademie-bb.de\/?page_id=34#breadcrumb"},"inLanguage":"de","potentialAction":[{"@type":"ReadAction","target":["https:\/\/buddhistische-akademie-bb.de\/?page_id=34"]}]},{"@type":"BreadcrumbList","@id":"https:\/\/buddhistische-akademie-bb.de\/?page_id=34#breadcrumb","itemListElement":[{"@type":"ListItem","position":1,"name":"Startseite","item":"https:\/\/buddhistische-akademie-bb.de\/"},{"@type":"ListItem","position":2,"name":"Impressum und Datenschutz"}]},{"@type":"WebSite","@id":"https:\/\/buddhistische-akademie-bb.de\/#website","url":"https:\/\/buddhistische-akademie-bb.de\/","name":"Buddhistische Akademie Berlin-Brandenburg","description":"","publisher":{"@id":"https:\/\/buddhistische-akademie-bb.de\/#organization"},"potentialAction":[{"@type":"SearchAction","target":{"@type":"EntryPoint","urlTemplate":"https:\/\/buddhistische-akademie-bb.de\/?s={search_term_string}"},"query-input":{"@type":"PropertyValueSpecification","valueRequired":true,"valueName":"search_term_string"}}],"inLanguage":"de"},{"@type":"Organization","@id":"https:\/\/buddhistische-akademie-bb.de\/#organization","name":"Buddhistische Akademie Berlin Brandenburg","url":"https:\/\/buddhistische-akademie-bb.de\/","logo":{"@type":"ImageObject","inLanguage":"de","@id":"https:\/\/buddhistische-akademie-bb.de\/#\/schema\/logo\/image\/","url":"https:\/\/buddhistische-akademie-bb.de\/wp-content\/uploads\/2021\/05\/Logo.jpg","contentUrl":"https:\/\/buddhistische-akademie-bb.de\/wp-content\/uploads\/2021\/05\/Logo.jpg","width":268,"height":260,"caption":"Buddhistische Akademie Berlin Brandenburg"},"image":{"@id":"https:\/\/buddhistische-akademie-bb.de\/#\/schema\/logo\/image\/"},"sameAs":["https:\/\/www.facebook.com\/profile.php?id=100009188940719","https:\/\/www.youtube.com\/channel\/UCQxxUAV0IA-9FF2Icr4J6fQ"]}]}},"_links":{"self":[{"href":"https:\/\/buddhistische-akademie-bb.de\/index.php?rest_route=\/wp\/v2\/pages\/34","targetHints":{"allow":["GET"]}}],"collection":[{"href":"https:\/\/buddhistische-akademie-bb.de\/index.php?rest_route=\/wp\/v2\/pages"}],"about":[{"href":"https:\/\/buddhistische-akademie-bb.de\/index.php?rest_route=\/wp\/v2\/types\/page"}],"author":[{"embeddable":true,"href":"https:\/\/buddhistische-akademie-bb.de\/index.php?rest_route=\/wp\/v2\/users\/1"}],"replies":[{"embeddable":true,"href":"https:\/\/buddhistische-akademie-bb.de\/index.php?rest_route=%2Fwp%2Fv2%2Fcomments&post=34"}],"version-history":[{"count":10,"href":"https:\/\/buddhistische-akademie-bb.de\/index.php?rest_route=\/wp\/v2\/pages\/34\/revisions"}],"predecessor-version":[{"id":4913,"href":"https:\/\/buddhistische-akademie-bb.de\/index.php?rest_route=\/wp\/v2\/pages\/34\/revisions\/4913"}],"wp:attachment":[{"href":"https:\/\/buddhistische-akademie-bb.de\/index.php?rest_route=%2Fwp%2Fv2%2Fmedia&parent=34"}],"curies":[{"name":"wp","href":"https:\/\/api.w.org\/{rel}","templated":true}]}}