{"id":5031,"date":"2025-01-29T18:20:31","date_gmt":"2025-01-29T18:20:31","guid":{"rendered":"https:\/\/buddhistische-akademie-bb.de\/?page_id=5031"},"modified":"2025-10-08T08:10:37","modified_gmt":"2025-10-08T08:10:37","slug":"seminare-und-kurse-2025","status":"publish","type":"page","link":"https:\/\/buddhistische-akademie-bb.de\/?page_id=5031","title":{"rendered":"Seminare und Kurse"},"content":{"rendered":"<p><strong>4. \u2013 18. November 2025<img loading=\"lazy\" decoding=\"async\" class=\"size-full wp-image-3853 alignright\" src=\"https:\/\/buddhistische-akademie-bb.de\/wp-content\/uploads\/2022\/12\/susanne-streibert.gif\" alt=\"\" width=\"150\" height=\"188\" \/><\/strong><\/p>\n<p><strong>Achtsamkeit und Traumaph\u00e4nomene im Kontext zwischenmenschlicher Beziehungen \u2013 Herausforderungen und Chancen<\/strong><\/p>\n<p><strong>mit Susanne Streibert<\/strong><\/p>\n<p><strong>3-w\u00f6chiger Online-Abendkurs:\u00a0<\/strong>jeweils dienstags<br \/>am 4., 11. und 18. November 2025, Zeit: 18.30-20.30 Uhr<\/p>\n<p>Kursgeb\u00fchr: 80 Euro<\/p>\n<p><strong><span class=\"headline3\">Bankverbindung<\/span><\/strong><br \/>Buddhistische Akademie Berlin Brandenburg<br \/>GLS Bank<br \/>IBAN-Nr: DE 53430 60967 11338 34901<\/p>\n<p><strong>Anmeldung:\u00a0<\/strong><a href=\"mailto:office@buddhistische-akademie-bb.de\">office@buddhistische-akademie-bb.de<\/a><\/p>\n<p>Inhaltliche Fragen im Vorfeld:\u00a0bitte an\u00a0<a href=\"mailto:SuStreibert@gmx.ch\">SuStreibert@gmx.ch<\/a><\/p>\n<p>Spirituelle Praxis bzw. Achtsamkeit f\u00fchrt uns im besten Falle mehr ins Hier und Jetzt \u2013 Trauma und \u00dcberflutungserlebnisse hingegen bewirken, dass wir in einen Verteidigungs- bzw. \u00dcberlebensmodus gelangen, der uns davon abh\u00e4lt, sehen und f\u00fchlen zu k\u00f6nnen, was wirklich im Hier und Jetzt stattfindet.<\/p>\n<p>K\u00f6nnen wir pr\u00e4sent sein bzw. wie viel von uns ist pr\u00e4sent, wenn wir in Beziehung zu anderen Menschen treten?<\/p>\n<p>Vielen von uns f\u00e4llt es leichter, in der Stille mit uns selbst in eine Beziehung zu treten und allf\u00e4llige Traumaph\u00e4nomene, \u00dcberlebensmodi und Aktivierungen im autonomen Nervensystem zu identifizieren.<\/p>\n<p>Wenn wir jedoch in Beziehungen verletzt bzw. traumatisiert wurden (Entwicklungs- und Beziehungstraumata), dann braucht es die Erfahrung von Sicherheit in Beziehung zu einem anderen Menschen, um diese Verteidigungsenergie aufzul\u00f6sen und wieder in die volle Pr\u00e4senz zu finden.<\/p>\n<p>Unser autonomes Nervensystem co-reguliert sich in Anwesenheit eines anderen Menschen. Sind wir getriggert und dereguliert, kann innerhalb der Beziehung zu einem Menschen, der reguliert ist, bei uns eine Beruhigung des autonomen Nervensystems stattfinden.<\/p>\n<p><strong><em>Form und Struktur des Kurses:<\/em><\/strong><\/p>\n<p>An drei Abenden werden wir das Thema Achtsamkeit \u2013 Traumaph\u00e4nomene -Beziehungsraum explorieren. Jeder Abend kann auch f\u00fcr sich stehen, da wir aber innerhalb der Gruppe eine Vertraulichkeit aufbauen, ist es von Vorteil, an allen drei Abenden anwesend zu sein. Die Veranstaltung wird aufgezeichnet, so dass sie auch nachtr\u00e4glich angeschaut werden kann.<\/p>\n<p><strong><em>Einzelne Themenschwerpunkte:<\/em><\/strong><\/p>\n<ul>\n<li>Achtsamkeit, Pr\u00e4senz und Traumaph\u00e4nomene<\/li>\n<li>Beziehung zu uns und zum anderen<\/li>\n<li>Die Qualit\u00e4t des achtsamen Zuh\u00f6rens und was diese erm\u00f6glicht bzw. verunm\u00f6glicht<\/li>\n<li>Regulierung und co-Regulation (auf der Basis des Somaticexperiencing und der Polyvagaltheorie)<\/li>\n<li>Weitere Themenaspekte gem\u00e4\u00df Wunsch der Gruppe<\/li>\n<\/ul>\n<p><strong>Susanne Streibert<\/strong>\u00a0ist Sozialarbeiterin MA, Traumatherapeutin SE sowie ausgebildet in core process psychotherapy (einer buddhistisch orientierten Therapieform). Sie arbeitet seit rund 20 Jahren in der Schulsozialarbeit, ist Dozentin f\u00fcr Studierende der Sozialen Arbeit (Agogis und FHNW) v.a. mit Unterrichtsthemen rund um die psychische Gesundheit. Ihre Spezialisierung liegt auf traumasensibler Sozialarbeit und (traumatherapeutischer) Prozessbegleitung. Therapeutisch arbeitet sie mit M\u00e4dchen und junge Frauen, die von selbstverletzendem Verhalten\/Essst\u00f6rungen betroffen sind (<a href=\"http:\/\/www.xn--mdchenarbeit-gcb.ch\/\" target=\"_blank\" rel=\"noopener\">www.m\u00e4dchenarbeit.ch<\/a>).<br \/>Susanne Streibert widmet sich seit 1997 der buddhistischen Praxis, v.a. innerhalb einer Theravadatradition (Ajahn Chah) und ist Aikido-Sch\u00fclerin (Suganuma Sensei).<\/p>\n<hr \/>\n<p style=\"text-align: left;\" align=\"CENTER\"><strong>19. \u2013 21. September 2025<\/strong><\/p>\n<p style=\"text-align: left;\" align=\"CENTER\"><strong>Geduld mit der Ungeduld<br \/><\/strong>Retreat und Einsichtsdialog<\/p>\n<p style=\"text-align: left;\" align=\"CENTER\"><strong>Metta Irene Wulff und Renate L\u00f6seke<\/strong><\/p>\n<p style=\"text-align: left;\" align=\"CENTER\"><img loading=\"lazy\" decoding=\"async\" class=\"alignnone size-full wp-image-5168\" src=\"https:\/\/buddhistische-akademie-bb.de\/wp-content\/uploads\/2025\/07\/metta-2025.gif\" alt=\"\" width=\"150\" height=\"188\" \/>\u00a0 \u00a0\u00a0<img loading=\"lazy\" decoding=\"async\" class=\"alignnone size-full wp-image-5169\" src=\"https:\/\/buddhistische-akademie-bb.de\/wp-content\/uploads\/2025\/07\/renate-loeseke-2025.gif\" alt=\"\" width=\"150\" height=\"188\" \/><\/p>\n<p style=\"text-align: left;\" align=\"CENTER\"><strong><a href=\"https:\/\/www.buddhistische-akademie-bb.de\/?page_id=383#Wulff\">\u00fcber Metta\u00a0<\/a>\u00a0 \u00a0 \u00a0 \u00a0 \u00a0 \u00a0 \u00a0 \u00a0 \u00a0 \u00a0 \u00a0 \u00a0\u00a0<a href=\"https:\/\/www.buddhistische-akademie-bb.de\/?page_id=383#Loeseke\">\u00fcber Renate L\u00f6seke<\/a><br \/><\/strong><\/p>\n<p>Geduld\u00a0(khanti) und Verst\u00e4ndnis werden als wichtige Tugenden f\u00fcr den spirituellen Fortschritt geachtet. Es\u00a0entsteht,\u00a0wenn das Herz\u00a0erkennt, dass ein Problem oder ein Schmerz nichts ist, wovor wir weglaufen, uns dar\u00fcber aufregen oder uns selbst bemitleiden m\u00fcssen.\u00a0Wenn wir leiden, geht es darum innezuhalten und eine Grenze um dieses Leiden zu ziehen. Wir treten einen Schritt zur\u00fcck um zu erkennen, was der Geist zus\u00e4tzlich produziert. Halten wir an etwas fest? Sp\u00fcren wir einen inneren Widerstand? Verdr\u00e4ngen oder projizieren wir etwas nach au\u00dfen? Es geht nicht darum, die Z\u00e4hne zusammenbei\u00dfen und auszuhalten. Denn dann sind wir nicht mehr im Fluss und verlieren an Lebendigkeit. Geduld zeigt uns, dass wir freier werden k\u00f6nnen und vielleicht immer unabh\u00e4ngiger von den \u00e4u\u00dferen Bedingungen.<\/p>\n<p>In der Praxis der Meditation und im Einsichtsdialog wollen wir uns diesen Fragen zuwenden.<\/p>\n<p><strong>Anreise<\/strong>: Freitag 16 \u2013 18 Uhr, Beginn 19:00, Ende Sonntag 17 Uhr<br \/><strong>Ort:\u00a0<\/strong>Quelle des Mitgef\u00fchls, Heidenheimer Str. 27, 13467 Berlin<br \/><strong>Anmeldung:\u00a0<a href=\"mailto:office@buddhistische-akademie-bb.de\">office@buddhistische-akademie-bb.de<\/a><\/strong><br \/><strong>Seminargeb\u00fchr:\u00a0<\/strong>75 Euro (F\u00fcr Raummiete und Organisation)<br \/><strong>Spende\u00a0<\/strong>am Ende des Retreats f\u00fcr die Lehrerinnen<\/p>\n<p><strong>Bankverbindung<\/strong>: Buddhistische Akademie Berlin Brandenburg<br \/>GLS Bank<br \/>IBAN: DE 53430 60967 11338 34901<\/p>\n<p><strong>Retreat mit oder ohne \u00dcbernachtung<\/strong>. Kosten f\u00fcr zwei \u00dcbernachtungen im Einzelzimmer oder Doppelzimmer 50 Euro vor Ort zu bezahlen. Bitte Bettw\u00e4sche mitbringen oder f\u00fcr 15 Euro ausleihen.\u00a0<strong>Essen (vegan):\u00a0<\/strong>gemeinsames Essen morgens mittags und abends und die Kosten werden umgelegt (ca. 20-25 Euro). Wenn ihr besondere Di\u00e4ten einhalten m\u00fcsst (Glutenfrei etc.), k\u00f6nnt ihr euch auch selbst versorgen.<\/p>\n<hr \/>\n<div class=\"post-content entry-content\"><img loading=\"lazy\" decoding=\"async\" class=\"alignnone size-full wp-image-1271\" src=\"https:\/\/buddhistische-akademie-bb.de\/wp-content\/uploads\/2019\/11\/metta_irene-wulff.gif\" alt=\"\" width=\"150\" height=\"188\" \/> \u00a0 <img loading=\"lazy\" decoding=\"async\" class=\"alignnone size-full wp-image-3094\" src=\"https:\/\/buddhistische-akademie-bb.de\/wp-content\/uploads\/2022\/02\/renate-loesecke.gif\" alt=\"\" width=\"150\" height=\"188\" \/>\n<p><strong>13.-15. Juni 2025<\/strong><\/p>\n<p><strong>Mitgef\u00fchl und F\u00fcrsorge \u2013 ein Weg in die Verbundenheit<\/strong><\/p>\n<p><strong>Metta Irene Wulff und Renate L\u00f6seke<br \/><\/strong><\/p>\n<p>Retreat und Einsichtsdialog<\/p>\n<p><a href=\"https:\/\/www.buddhistische-akademie-bb.de\/?page_id=383#Wulff\">\u00fcber Metta Irene Wulff<\/a>\u00a0\u00a0\u00a0\u00a0\u00a0<a href=\"https:\/\/www.buddhistische-akademie-bb.de\/?page_id=383#Loeseke\">\u00fcber Renate L\u00f6seke<\/a><\/p>\n<p>F\u00fcrsorge ist eine Qualit\u00e4t des Herzens und des Geistes, die f\u00fcr unser Leben miteinander bedeutsam ist. Dabei geht es um Wohlwollen f\u00fcr andere, sowie f\u00fcr uns selbst. F\u00fcrsorge ist eine Qualit\u00e4t von karuna, Mitgef\u00fchl, und metta, Wohlwollen. Sie \u00f6ffnet uns f\u00fcr die M\u00f6glichkeit, uns f\u00fcr das Wohl anderer Menschen auch aktiv einzusetzen. Unsere Praxis l\u00e4uft zweigleisig, f\u00fcr andere und f\u00fcr uns selbst. Das \u00dcben ist wichtig, denn in einem schnelllebigen und stressreichen Alltag k\u00f6nnen sich die Qualit\u00e4ten der F\u00fcrsorge leicht verlieren. Deshalb wollen wir uns an diesem Wochenende folgende Fragen stellen: Wo liegen unsere Priorit\u00e4ten und wie setzen wir diese im Alltag um? Was ist uns in unseren Beziehungen wirklich wichtig? Wie f\u00fcrsorglich sind wir im Umgang mit uns selbst und denen, die uns nahe stehen oder uns begegnen? Warum ist es manchmal schwierig diese F\u00fcrsorge auch umzusetzen? Sowohl in der Meditation und in der Stille, als auch im Dialog miteinander wollen wir uns diesen Fragen widmen. Ein Teil unseres Retreats ist der Einsichtsdialog, indem wir uns darin \u00fcben, achtsam miteinander zu sprechen und einander tief zuzuh\u00f6ren.<\/p>\n<p><strong>Anreise<\/strong>: Freitag\u00a0 16 \u2013 18 Uhr, Beginn 19:00, Ende Sonntag 16 Uhr<br \/><strong>Ort:<\/strong>\u00a0Quelle des Mitgef\u00fchls, Heidenheimer Str. 27, 13467 Berlin<br \/><strong>Anmeldung: <a href=\"mailto:office@buddhistische-akademie-bb.de\">office@buddhistische-akademie-bb.de<\/a> oder\u00a0 <a href=\"mailto:sr.metta@gmail.com\">sr.metta@gmail.com<\/a> \u00a0<\/strong><br \/><strong>Seminargeb\u00fchr:<\/strong>\u00a075 Euro (F\u00fcr Raummiete und Organisation), Bankverbindung siehe ganz unten.<br \/><strong>Spende<\/strong> am Ende des Retreats f\u00fcr die Lehrerinnen<\/p>\n<div><strong>Bankverbindung<\/strong>: Buddhistische Akademie Berlin Brandenburg<br \/>GLS Bank<br \/>IBAN: DE 53430 60967 11338 34901<\/div>\n<p><strong>Retreat mit oder ohne \u00dcbernachtung<\/strong>. Kosten f\u00fcr zwei \u00dcbernachtungen im\u00a0 Einzelzimmer 50 Euro vor Ort zu bezahlen. Bitte Bettw\u00e4sche mitbringen oder f\u00fcr 15 Euro ausleihen.<\/p>\n<p><strong>Essen\u00a0<\/strong><strong>(vegan)<\/strong><strong>:\u00a0<\/strong>gemeinsames Essen morgens mittags und abends und die Kosten werden umgelegt (ca. 20-25 Euro). Wenn ihr besondere Di\u00e4ten einhalten m\u00fcsst (Glutenfrei etc.), k\u00f6nnt ihr euch auch selbst versorgen.<\/p>\n<hr \/>\n<p><img loading=\"lazy\" decoding=\"async\" class=\"alignnone size-full wp-image-4559\" src=\"https:\/\/buddhistische-akademie-bb.de\/wp-content\/uploads\/2024\/01\/dorle-1.gif\" alt=\"\" width=\"150\" height=\"188\" \/>\u00a0 <img loading=\"lazy\" decoding=\"async\" class=\"alignnone size-full wp-image-4560\" src=\"https:\/\/buddhistische-akademie-bb.de\/wp-content\/uploads\/2024\/01\/reiner_huehner-1.gif\" alt=\"\" width=\"150\" height=\"188\" \/><\/p>\n<p><strong>27. Februar &#8211; 5. Juni 2025<\/strong><\/p>\n<p><strong>SIEBEN <\/strong><strong>FRIEDENS-<\/strong><strong>LEKTIONEN &#8211;\u00a0<\/strong><strong>Neurosensitive Achtsamkeit\u00a0<\/strong><strong>als Friedens\u00fcbung<\/strong><\/p>\n<p><strong>8-w\u00f6chiger Online-Kurs via Zoom<br \/><\/strong><\/p>\n<p><strong>Ein Weg mit Dorle Lommatzsch (Tilburg\/NL) und Reiner Seido H\u00fchner (Bonn\/D)<\/strong><\/p>\n<p>8 Termine \/ \u00e1 120 Minuten \/ donnerstags 19-21 Uhr vierzehnt\u00e4gig \/ online via Zoom<br \/>Termine: 27. Februar, 13. M\u00e4rz, 27. M\u00e4rz, 10. April, 24. April, 8. Mai, 22. Mai 2025 und 5. Juni 2025<strong><br \/>Kursgeb\u00fchr:<\/strong>\u00a0180 \u20ac \/ erm. 120 \u20ac \/ bei geringem Einkommen gerne auf Spendenbasis \/ Dana, Bankverbindung s.u.<\/p>\n<p><strong>Anmeldung<\/strong>:\u00a0<a href=\"mailto:office@buddhistische-akademie-bb.de\">office@buddhistische-akademie-bb.de<\/a><\/p>\n<p><a href=\"https:\/\/www.buddhistische-akademie-bb.de\/?page_id=383#Lommatzsch\">\u00fcber Dorle Lommatsch<\/a>\u00a0 \u00a0 \u00a0 \u00a0\u00a0<a href=\"https:\/\/www.buddhistische-akademie-bb.de\/?page_id=383#Huehner\">\u00fcber Reiner Seido H\u00fchner<\/a><\/p>\n<p><strong>Unser Credo: Frieden kann man lernen!<\/strong><br \/>Welches Bewusstsein f\u00fchrt zum Krieg? Welches Bewusstsein zum Frieden? Was k\u00f6nnen wir tun, um ein friedliches Bewusstsein in uns und anderen zu erm\u00f6glichen? K\u00f6nnen wir eine Oase des Friedens erschaffen?<br \/>Frieden und Krieg sind gro\u00dfe Themen \u2013 und doch f\u00e4ngt beides im Kleinen an.<br \/>In 8 online-Begegnungen wollen wir die Friedens-Lektionen durch Meditationen, achtsames Schreiben und achtsamen Austausch in uns lebendig machen.<br \/>Unsere Botschaft ist: Frieden kann man lernen!<\/p>\n<p><strong>Was wir anbieten<\/strong><br \/>Anhand des Buchs \u201eSieben Friedens-Lektionen\u201c (das Buch wird digital zur Verf\u00fcgung gestellt) gehen wir gemeinsam Schritt f\u00fcr Schritt durch die Friedens-Lektionen. Alle Lektionen sind einerseits inspiriert durch Buddhistische Psychologie und anderseits durch die Neurowissenschaften. Beide Bereiche erg\u00e4nzen und unterst\u00fctzen einander. Die Kenntnis \u00fcber das Funktionieren des Gehirns und des Autonomen Nervensystems hilft uns, mit unserer instinktiven Intelligenz zusammenzuarbeiten und achtsam neue Wege zu finden. Respektvoll und im Bewusstsein unserer Unterschiede werden wir entdecken, was ein friedvolles Zusammenleben erbl\u00fchen l\u00e4sst. Achtsames Gewahrsein ist das Fundament, das diesen Lernprozess erm\u00f6glicht.<\/p>\n<p>Jede Lektion wird kurz erl\u00e4utert und in einer angeleiteten Meditation erforscht.<br \/>Im zweiten Teil wird das Thema anhand von Schreibimpulsen und -\u00fcbungen sichtbar und tiefer sp\u00fcrbar gemacht.<br \/>Jeder Kursteil besteht aus vier Teilen:<\/p>\n<ol>\n<li>Eine Einf\u00fchrung in das Thema aus der Perspektive der Buddhistischen Psychologie und der Neurowissenschaften.<\/li>\n<li>Angeleitete Meditations\u00fcbung<\/li>\n<li>Ein Schreibimpuls zum Thema mit der Einladung, die Texte im gesch\u00fctzten Raum vorzulesen.<\/li>\n<li>Abschluss in achtsamem Austausch<\/li>\n<\/ol>\n<p><strong>Bankverbindung:<\/strong><br \/>Buddhistische Akademie Berlin Brandenburg<br \/>GLS Bank<br \/>IBAN: DE 53430 60967 11338 34901<br \/>Verwendungszweck: Kurs sieben Friedenslektionen<\/p>\n<\/div>\n\n\n<p><\/p>\n","protected":false},"excerpt":{"rendered":"<p>4. \u2013 18. November 2025 Achtsamkeit und Traumaph\u00e4nomene im Kontext zwischenmenschlicher Beziehungen \u2013 Herausforderungen und Chancen mit Susanne Streibert 3-w\u00f6chiger Online-Abendkurs:\u00a0jeweils dienstagsam 4., 11. und 18. November 2025, Zeit: 18.30-20.30 Uhr Kursgeb\u00fchr: 80 Euro BankverbindungBuddhistische Akademie Berlin BrandenburgGLS BankIBAN-Nr: DE 53430 60967 11338 34901 Anmeldung:\u00a0office@buddhistische-akademie-bb.de Inhaltliche Fragen im Vorfeld:\u00a0bitte an\u00a0SuStreibert@gmx.ch Spirituelle Praxis bzw. Achtsamkeit f\u00fchrt [&hellip;]<\/p>\n","protected":false},"author":1,"featured_media":0,"parent":0,"menu_order":0,"comment_status":"closed","ping_status":"closed","template":"","meta":{"footnotes":""},"class_list":["post-5031","page","type-page","status-publish","hentry"],"yoast_head":"<!-- This site is optimized with the Yoast SEO plugin v25.3.1 - https:\/\/yoast.com\/wordpress\/plugins\/seo\/ -->\n<title>Seminare und Kurse - Buddhistische Akademie Berlin-Brandenburg<\/title>\n<meta name=\"robots\" content=\"noindex, follow\" \/>\n<meta property=\"og:locale\" content=\"de_DE\" \/>\n<meta property=\"og:type\" content=\"article\" \/>\n<meta property=\"og:title\" content=\"Seminare und Kurse - Buddhistische Akademie Berlin-Brandenburg\" \/>\n<meta property=\"og:description\" content=\"4. \u2013 18. November 2025 Achtsamkeit und Traumaph\u00e4nomene im Kontext zwischenmenschlicher Beziehungen \u2013 Herausforderungen und Chancen mit Susanne Streibert 3-w\u00f6chiger Online-Abendkurs:\u00a0jeweils dienstagsam 4., 11. und 18. November 2025, Zeit: 18.30-20.30 Uhr Kursgeb\u00fchr: 80 Euro BankverbindungBuddhistische Akademie Berlin BrandenburgGLS BankIBAN-Nr: DE 53430 60967 11338 34901 Anmeldung:\u00a0office@buddhistische-akademie-bb.de Inhaltliche Fragen im Vorfeld:\u00a0bitte an\u00a0SuStreibert@gmx.ch Spirituelle Praxis bzw. Achtsamkeit f\u00fchrt [&hellip;]\" \/>\n<meta property=\"og:url\" content=\"https:\/\/buddhistische-akademie-bb.de\/?page_id=5031\" \/>\n<meta property=\"og:site_name\" content=\"Buddhistische Akademie Berlin-Brandenburg\" \/>\n<meta property=\"article:publisher\" content=\"https:\/\/www.facebook.com\/profile.php?id=100009188940719\" \/>\n<meta property=\"article:modified_time\" content=\"2025-10-08T08:10:37+00:00\" \/>\n<meta property=\"og:image\" content=\"https:\/\/buddhistische-akademie-bb.de\/wp-content\/uploads\/2022\/12\/susanne-streibert.gif\" \/>\n\t<meta property=\"og:image:width\" content=\"150\" \/>\n\t<meta property=\"og:image:height\" content=\"188\" \/>\n\t<meta property=\"og:image:type\" content=\"image\/gif\" \/>\n<meta name=\"twitter:card\" content=\"summary_large_image\" \/>\n<meta name=\"twitter:label1\" content=\"Gesch\u00e4tzte Lesezeit\" \/>\n\t<meta name=\"twitter:data1\" content=\"9\u00a0Minuten\" \/>\n<script type=\"application\/ld+json\" class=\"yoast-schema-graph\">{\"@context\":\"https:\/\/schema.org\",\"@graph\":[{\"@type\":\"WebPage\",\"@id\":\"https:\/\/buddhistische-akademie-bb.de\/?page_id=5031\",\"url\":\"https:\/\/buddhistische-akademie-bb.de\/?page_id=5031\",\"name\":\"Seminare und Kurse - Buddhistische Akademie Berlin-Brandenburg\",\"isPartOf\":{\"@id\":\"https:\/\/buddhistische-akademie-bb.de\/#website\"},\"primaryImageOfPage\":{\"@id\":\"https:\/\/buddhistische-akademie-bb.de\/?page_id=5031#primaryimage\"},\"image\":{\"@id\":\"https:\/\/buddhistische-akademie-bb.de\/?page_id=5031#primaryimage\"},\"thumbnailUrl\":\"https:\/\/buddhistische-akademie-bb.de\/wp-content\/uploads\/2022\/12\/susanne-streibert.gif\",\"datePublished\":\"2025-01-29T18:20:31+00:00\",\"dateModified\":\"2025-10-08T08:10:37+00:00\",\"breadcrumb\":{\"@id\":\"https:\/\/buddhistische-akademie-bb.de\/?page_id=5031#breadcrumb\"},\"inLanguage\":\"de\",\"potentialAction\":[{\"@type\":\"ReadAction\",\"target\":[\"https:\/\/buddhistische-akademie-bb.de\/?page_id=5031\"]}]},{\"@type\":\"ImageObject\",\"inLanguage\":\"de\",\"@id\":\"https:\/\/buddhistische-akademie-bb.de\/?page_id=5031#primaryimage\",\"url\":\"https:\/\/buddhistische-akademie-bb.de\/wp-content\/uploads\/2022\/12\/susanne-streibert.gif\",\"contentUrl\":\"https:\/\/buddhistische-akademie-bb.de\/wp-content\/uploads\/2022\/12\/susanne-streibert.gif\",\"width\":150,\"height\":188},{\"@type\":\"BreadcrumbList\",\"@id\":\"https:\/\/buddhistische-akademie-bb.de\/?page_id=5031#breadcrumb\",\"itemListElement\":[{\"@type\":\"ListItem\",\"position\":1,\"name\":\"Startseite\",\"item\":\"https:\/\/buddhistische-akademie-bb.de\/\"},{\"@type\":\"ListItem\",\"position\":2,\"name\":\"Seminare und Kurse\"}]},{\"@type\":\"WebSite\",\"@id\":\"https:\/\/buddhistische-akademie-bb.de\/#website\",\"url\":\"https:\/\/buddhistische-akademie-bb.de\/\",\"name\":\"Buddhistische Akademie Berlin-Brandenburg\",\"description\":\"\",\"publisher\":{\"@id\":\"https:\/\/buddhistische-akademie-bb.de\/#organization\"},\"potentialAction\":[{\"@type\":\"SearchAction\",\"target\":{\"@type\":\"EntryPoint\",\"urlTemplate\":\"https:\/\/buddhistische-akademie-bb.de\/?s={search_term_string}\"},\"query-input\":{\"@type\":\"PropertyValueSpecification\",\"valueRequired\":true,\"valueName\":\"search_term_string\"}}],\"inLanguage\":\"de\"},{\"@type\":\"Organization\",\"@id\":\"https:\/\/buddhistische-akademie-bb.de\/#organization\",\"name\":\"Buddhistische Akademie Berlin Brandenburg\",\"url\":\"https:\/\/buddhistische-akademie-bb.de\/\",\"logo\":{\"@type\":\"ImageObject\",\"inLanguage\":\"de\",\"@id\":\"https:\/\/buddhistische-akademie-bb.de\/#\/schema\/logo\/image\/\",\"url\":\"https:\/\/buddhistische-akademie-bb.de\/wp-content\/uploads\/2021\/05\/Logo.jpg\",\"contentUrl\":\"https:\/\/buddhistische-akademie-bb.de\/wp-content\/uploads\/2021\/05\/Logo.jpg\",\"width\":268,\"height\":260,\"caption\":\"Buddhistische Akademie Berlin Brandenburg\"},\"image\":{\"@id\":\"https:\/\/buddhistische-akademie-bb.de\/#\/schema\/logo\/image\/\"},\"sameAs\":[\"https:\/\/www.facebook.com\/profile.php?id=100009188940719\",\"https:\/\/www.youtube.com\/channel\/UCQxxUAV0IA-9FF2Icr4J6fQ\"]}]}<\/script>\n<!-- \/ Yoast SEO plugin. -->","yoast_head_json":{"title":"Seminare und Kurse - Buddhistische Akademie Berlin-Brandenburg","robots":{"index":"noindex","follow":"follow"},"og_locale":"de_DE","og_type":"article","og_title":"Seminare und Kurse - Buddhistische Akademie Berlin-Brandenburg","og_description":"4. \u2013 18. November 2025 Achtsamkeit und Traumaph\u00e4nomene im Kontext zwischenmenschlicher Beziehungen \u2013 Herausforderungen und Chancen mit Susanne Streibert 3-w\u00f6chiger Online-Abendkurs:\u00a0jeweils dienstagsam 4., 11. und 18. November 2025, Zeit: 18.30-20.30 Uhr Kursgeb\u00fchr: 80 Euro BankverbindungBuddhistische Akademie Berlin BrandenburgGLS BankIBAN-Nr: DE 53430 60967 11338 34901 Anmeldung:\u00a0office@buddhistische-akademie-bb.de Inhaltliche Fragen im Vorfeld:\u00a0bitte an\u00a0SuStreibert@gmx.ch Spirituelle Praxis bzw. Achtsamkeit f\u00fchrt [&hellip;]","og_url":"https:\/\/buddhistische-akademie-bb.de\/?page_id=5031","og_site_name":"Buddhistische Akademie Berlin-Brandenburg","article_publisher":"https:\/\/www.facebook.com\/profile.php?id=100009188940719","article_modified_time":"2025-10-08T08:10:37+00:00","og_image":[{"width":150,"height":188,"url":"https:\/\/buddhistische-akademie-bb.de\/wp-content\/uploads\/2022\/12\/susanne-streibert.gif","type":"image\/gif"}],"twitter_card":"summary_large_image","twitter_misc":{"Gesch\u00e4tzte Lesezeit":"9\u00a0Minuten"},"schema":{"@context":"https:\/\/schema.org","@graph":[{"@type":"WebPage","@id":"https:\/\/buddhistische-akademie-bb.de\/?page_id=5031","url":"https:\/\/buddhistische-akademie-bb.de\/?page_id=5031","name":"Seminare und Kurse - Buddhistische Akademie Berlin-Brandenburg","isPartOf":{"@id":"https:\/\/buddhistische-akademie-bb.de\/#website"},"primaryImageOfPage":{"@id":"https:\/\/buddhistische-akademie-bb.de\/?page_id=5031#primaryimage"},"image":{"@id":"https:\/\/buddhistische-akademie-bb.de\/?page_id=5031#primaryimage"},"thumbnailUrl":"https:\/\/buddhistische-akademie-bb.de\/wp-content\/uploads\/2022\/12\/susanne-streibert.gif","datePublished":"2025-01-29T18:20:31+00:00","dateModified":"2025-10-08T08:10:37+00:00","breadcrumb":{"@id":"https:\/\/buddhistische-akademie-bb.de\/?page_id=5031#breadcrumb"},"inLanguage":"de","potentialAction":[{"@type":"ReadAction","target":["https:\/\/buddhistische-akademie-bb.de\/?page_id=5031"]}]},{"@type":"ImageObject","inLanguage":"de","@id":"https:\/\/buddhistische-akademie-bb.de\/?page_id=5031#primaryimage","url":"https:\/\/buddhistische-akademie-bb.de\/wp-content\/uploads\/2022\/12\/susanne-streibert.gif","contentUrl":"https:\/\/buddhistische-akademie-bb.de\/wp-content\/uploads\/2022\/12\/susanne-streibert.gif","width":150,"height":188},{"@type":"BreadcrumbList","@id":"https:\/\/buddhistische-akademie-bb.de\/?page_id=5031#breadcrumb","itemListElement":[{"@type":"ListItem","position":1,"name":"Startseite","item":"https:\/\/buddhistische-akademie-bb.de\/"},{"@type":"ListItem","position":2,"name":"Seminare und Kurse"}]},{"@type":"WebSite","@id":"https:\/\/buddhistische-akademie-bb.de\/#website","url":"https:\/\/buddhistische-akademie-bb.de\/","name":"Buddhistische Akademie Berlin-Brandenburg","description":"","publisher":{"@id":"https:\/\/buddhistische-akademie-bb.de\/#organization"},"potentialAction":[{"@type":"SearchAction","target":{"@type":"EntryPoint","urlTemplate":"https:\/\/buddhistische-akademie-bb.de\/?s={search_term_string}"},"query-input":{"@type":"PropertyValueSpecification","valueRequired":true,"valueName":"search_term_string"}}],"inLanguage":"de"},{"@type":"Organization","@id":"https:\/\/buddhistische-akademie-bb.de\/#organization","name":"Buddhistische Akademie Berlin Brandenburg","url":"https:\/\/buddhistische-akademie-bb.de\/","logo":{"@type":"ImageObject","inLanguage":"de","@id":"https:\/\/buddhistische-akademie-bb.de\/#\/schema\/logo\/image\/","url":"https:\/\/buddhistische-akademie-bb.de\/wp-content\/uploads\/2021\/05\/Logo.jpg","contentUrl":"https:\/\/buddhistische-akademie-bb.de\/wp-content\/uploads\/2021\/05\/Logo.jpg","width":268,"height":260,"caption":"Buddhistische Akademie Berlin Brandenburg"},"image":{"@id":"https:\/\/buddhistische-akademie-bb.de\/#\/schema\/logo\/image\/"},"sameAs":["https:\/\/www.facebook.com\/profile.php?id=100009188940719","https:\/\/www.youtube.com\/channel\/UCQxxUAV0IA-9FF2Icr4J6fQ"]}]}},"_links":{"self":[{"href":"https:\/\/buddhistische-akademie-bb.de\/index.php?rest_route=\/wp\/v2\/pages\/5031","targetHints":{"allow":["GET"]}}],"collection":[{"href":"https:\/\/buddhistische-akademie-bb.de\/index.php?rest_route=\/wp\/v2\/pages"}],"about":[{"href":"https:\/\/buddhistische-akademie-bb.de\/index.php?rest_route=\/wp\/v2\/types\/page"}],"author":[{"embeddable":true,"href":"https:\/\/buddhistische-akademie-bb.de\/index.php?rest_route=\/wp\/v2\/users\/1"}],"replies":[{"embeddable":true,"href":"https:\/\/buddhistische-akademie-bb.de\/index.php?rest_route=%2Fwp%2Fv2%2Fcomments&post=5031"}],"version-history":[{"count":18,"href":"https:\/\/buddhistische-akademie-bb.de\/index.php?rest_route=\/wp\/v2\/pages\/5031\/revisions"}],"predecessor-version":[{"id":5203,"href":"https:\/\/buddhistische-akademie-bb.de\/index.php?rest_route=\/wp\/v2\/pages\/5031\/revisions\/5203"}],"wp:attachment":[{"href":"https:\/\/buddhistische-akademie-bb.de\/index.php?rest_route=%2Fwp%2Fv2%2Fmedia&parent=5031"}],"curies":[{"name":"wp","href":"https:\/\/api.w.org\/{rel}","templated":true}]}}