{"id":5266,"date":"2026-01-22T05:56:46","date_gmt":"2026-01-22T05:56:46","guid":{"rendered":"https:\/\/buddhistische-akademie-bb.de\/?page_id=5266"},"modified":"2026-03-23T15:38:34","modified_gmt":"2026-03-23T15:38:34","slug":"vortraege-2026","status":"publish","type":"page","link":"https:\/\/buddhistische-akademie-bb.de\/?page_id=5266","title":{"rendered":"Vortr\u00e4ge 2026"},"content":{"rendered":"<p><strong>9. April 2026<img loading=\"lazy\" decoding=\"async\" class=\"size-full wp-image-5242 alignright\" src=\"https:\/\/buddhistische-akademie-bb.de\/wp-content\/uploads\/2025\/12\/sister-simplicity.gif\" alt=\"\" width=\"150\" height=\"188\" \/><\/strong><\/p>\n<p><strong>Unterschiedliche Meinungen als \u00dcbungsfeld \u2013 Buddhistische Praxis in konflikthaften Gespr\u00e4chen<\/strong><\/p>\n<p><strong>Shifu Simplicity<\/strong><\/p>\n<p>&nbsp;<\/p>\n<p><a href=\"https:\/\/www.buddhistische-akademie-bb.de\/?page_id=383#Simplicity\">\u00fcber Shifu Simplicity<\/a><\/p>\n<p>online via Zoom<br \/>Donnerstag 19-21 Uhr<br \/>Eintritt: 10 Euro, erm. 5 Euro<\/p>\n<p>Wir merken alle, dass sich der Umgang miteinander immer mehr an verschiedenen Themen polarisiert und ein echter Austausch oft nicht m\u00f6glich ist. Das erleben wir dann h\u00e4ufig als frustrierend und wir ziehen uns dann zur\u00fcck oder wir lassen uns ungewollt in hitzige Diskussionen hineinziehen. Wie k\u00f6nnen wir mit dem Dharma \u00fcben, um besser mit solchen Situationen umzugehen. Wie k\u00f6nnen wir echte Begegnungen wieder herstellen?<\/p>\n<p><strong>Zoom-Zugang:<\/strong><br \/><a href=\"https:\/\/buddhistische-akademie-bb.us9.list-manage.com\/track\/click?u=e4f6c3c6a05b3b3d53a55423e&amp;id=e7ecef1460&amp;e=bf11ab436d\">https:\/\/us02web.zoom.us\/j\/89157255761?pwd=amtiQ3ZMM1JQTzJGNHZmUnRydlZiZz09<\/a><\/p>\n<p>Meeting-ID: 891 5725 5761<br \/>Kenncode: BAkademie<\/p>\n<p><strong>Den Eintritt<\/strong>\u00a0k\u00f6nnen Sie auf unser Konto oder per Paypal \u00fcberweisen.<br \/>unser Bankkonto: Buddhistische Akademie Berlin Brandenburg<br \/>IBAN-Nr: DE 53430 60967 11338 34901<br \/>Paypal:\u00a0<a href=\"https:\/\/buddhistische-akademie-bb.us9.list-manage.com\/track\/click?u=e4f6c3c6a05b3b3d53a55423e&amp;id=1f049fa93b&amp;e=bf11ab436d\">https:\/\/paypal.me\/BAkademie?locale.x=de_DE\u00a0<\/a>(Senden)<\/p>\n<p>Herzlichen Dank f\u00fcr Ihre \u00dcberweisung \u2013 Ihr Beitrag ist eine wertvolle Unterst\u00fctzung f\u00fcr die Fortf\u00fchrung unserer Arbeit und die Durchf\u00fchrung unserer Veranstaltungen.<\/p>\n\n<hr \/>\n<p>&nbsp;<\/p>\n\n<div>\n<p><strong>18. M\u00e4rz 2026\u00a0 (Mittwoch!)<img loading=\"lazy\" decoding=\"async\" class=\"size-full wp-image-5311 alignright\" src=\"https:\/\/buddhistische-akademie-bb.de\/wp-content\/uploads\/2026\/02\/zaim.gif\" alt=\"\" width=\"150\" height=\"188\" \/><\/strong><\/p>\n<p><strong>Zwischen Halbmond und Lotus \u2013<\/strong><br \/><strong>Ein spiritueller Weg zwischen Islam und Buddhismus<\/strong><\/p>\n<p><strong>mit Mohammad Zaim Schneider<\/strong><\/p>\n<\/div>\n<div>\u00a0<\/div>\n<div>\n<p>online via Zoom<br \/>Donnerstag 19-21 Uhr<br \/>Eintritt: 10 Euro, erm. 5 Euro<\/p>\n<\/div>\n<div>\u00a0<\/div>\n<div><a href=\"https:\/\/www.buddhistische-akademie-bb.de\/?page_id=383#Zaim\">\u00fcber Zaim Schneider<\/a><\/div>\n<div>\u00a0<\/div>\n<div>\u00a0<\/div>\n<div>\n<p>Mohammad Zaim ist muslimisch aufgewachsen und tief in dieser Tradition verwurzelt. Sein Lebensweg f\u00fchrte ihn jedoch in eine andere religi\u00f6se Praxis: F\u00fcnf Jahre lebte er als M\u00f6nch in Plum Village, dem von Thich Nhat Hanh gegr\u00fcndeten Achtsamkeitskloster.<\/p>\n<p>In seinem Vortrag \u00f6ffnet er sein Herz und teilt seine spirituelle Reise \u2013 von den t\u00e4glichen Gebeten\u00a0seiner muslimischen Kindheit und der Fastenpraxis im Ramadan hin zu stiller Meditation, achtsamer Atmung und dem kl\u00f6sterlichen Leben in Plum Village.<\/p>\n<p>Er spricht offen \u00fcber Zweifel, Sehnsucht, Disziplin, Hingabe und \u00fcber die Erkenntnisse, die sein Verst\u00e4ndnis von Glauben grundlegend ver\u00e4ndert haben. Anstatt sich f\u00fcr eine Tradition zu entscheiden, fand er einen Weg, Islam und Buddhismus in sich zu vereinen und sich gegenseitig vertiefen und bereichern zu lassen.<\/p>\n<p>Dieser Vortrag handelt nicht nur von Religion. Es geht um Identit\u00e4t, Mut und die M\u00f6glichkeit, Spiritualit\u00e4t jenseits starrer Grenzen zu leben \u2013 und dabei zutiefst authentisch zu bleiben.<\/p>\n<\/div>\n\n\n<p><\/p>\n\n\n\n<figure class=\"wp-block-embed is-type-video is-provider-youtube wp-block-embed-youtube wp-embed-aspect-16-9 wp-has-aspect-ratio\"><div class=\"wp-block-embed__wrapper\">\n<iframe loading=\"lazy\" title=\"Zwischen Halbmond und Lotus \u2013 Ein spiritueller Weg zwischen Islam und Buddhismus mit Zaim Schneider\" width=\"616\" height=\"347\" src=\"https:\/\/www.youtube.com\/embed\/bvLMSqBtjWo?feature=oembed\" frameborder=\"0\" allow=\"accelerometer; autoplay; clipboard-write; encrypted-media; gyroscope; picture-in-picture; web-share\" referrerpolicy=\"strict-origin-when-cross-origin\" allowfullscreen><\/iframe>\n<\/div><\/figure>\n\n\n<div>\u00a0<\/div>\n<div>\u00a0<\/div>\n<p>&nbsp;<\/p>\n<div>\n<p><strong>12. Februar 2026<img loading=\"lazy\" decoding=\"async\" class=\"size-full wp-image-3680 alignright\" src=\"https:\/\/buddhistische-akademie-bb.de\/wp-content\/uploads\/2022\/10\/doris-harder.gif\" alt=\"\" width=\"150\" height=\"188\" \/><\/strong><\/p>\n<p><strong>In Liebe leben<\/strong><\/p>\n<p><strong>Doris Harder<\/strong><\/p>\n<p>&nbsp;<\/p>\n<\/div>\n<p>online via Zoom<br \/>Donnerstag 19-21 Uhr<br \/>Eintritt: 10 Euro, erm. 5 Euro<\/p>\n<p><a href=\"https:\/\/www.buddhistische-akademie-bb.de\/?page_id=383#Harder\">\u00fcber Doris Harder<\/a><\/p>\n<p>Die meisten von uns haben zumindest eine Ahnung davon, dass es so etwas wie eine allumfassende Liebe gibt, die \u00fcber ein personales \u201eich liebe dich\u201c hinausgeht. Im Buddhismus nennt man diese Liebe oft Liebende G\u00fcte, im Christentum N\u00e4chstenliebe. Zugrunde liegt all dem ein intuitives oder mystisches Verst\u00e4ndnis, dass Liebe nicht nur ein Gef\u00fchl oder eine Haltung ist, sondern als \u201eVerbundenheit\u201c die Grundstruktur des Lebens ausmacht.<br \/>In meinem Impulsvortrag m\u00f6chte ich \u00fcber die vielf\u00e4ltigen Facetten dieser Verbundenheit sprechen, wie sie im Buddhismus, in der Philosophie und der Biologie verstanden werden.<br \/>Eine gef\u00fchrte Meditation\/Wahrnehmungs\u00fcbung soll tiefer in das Thema einf\u00fchren. In einem Gespr\u00e4ch k\u00f6nnen wir uns austauschen, wie wir unsere liebevolle Beziehung zur Welt \u201emit offenen H\u00e4nden\u201c halten k\u00f6nnen.<\/p>\n<hr \/>\n<p>&nbsp;<\/p>\n<p><strong>22. Januar 2026<img loading=\"lazy\" decoding=\"async\" class=\"size-full wp-image-4559 alignright\" src=\"https:\/\/buddhistische-akademie-bb.de\/wp-content\/uploads\/2024\/01\/dorle-1.gif\" alt=\"\" width=\"150\" height=\"188\" \/><\/strong><\/p>\n<p><strong>Das Satipatthana Sutra\u00a0und der Aufbau des Gehirns<\/strong><\/p>\n<p><strong>Dorle Lommatzsch<\/strong><\/p>\n<p>online via Zoom<br \/>Donnerstag 19-21 Uhr<br \/>Eintritt: 10 Euro, erm. 5 Euro<\/p>\n<p>&nbsp;<\/p>\n<p><a href=\"https:\/\/www.buddhistische-akademie-bb.de\/?page_id=383#Lommatzsch\">\u00fcber Dorle Lommatzsch<\/a><\/p>\n<p>Herzlich willkommen zu dieser gemeinsamen Reise in die Welt der Achtsamkeit.<br \/>Wenn wir meditieren, richten wir unsere Aufmerksamkeit auf K\u00f6rper, Atem, Gef\u00fchle und Gedanken\u00a0 \u2013 und pl\u00f6tzlich beginnen innere Prozesse und Zusammenh\u00e4nge, die sonst verborgen bleiben, sichtbar zu werden. Seit mehr als zweitausend Jahren beschreibt das Satipatthana-Sutra diesen Weg der Bewusstseinsentwicklung (die vier Grundlagen der Achtsamkeit). Heute wissen wir aus der Neurowissenschaft: Die Struktur unseres Gehirns spiegelt genau diese vier Bereiche der Achtsamkeit wider.<\/p>\n<p>An diesem Abend werden wir erforschen, wie die uralte Meditationslehre und moderne Gehirnforschung sich ber\u00fchren \u2013 und wie Achtsamkeit nicht nur unser Wohlbefinden, sondern auch die Funktionsweise unseres Gehirns ver\u00e4ndern kann. Lassen Sie uns gemeinsam eintauchen in die Frage, wie bewusstes Wahrnehmen Stress l\u00f6sen, Gl\u00fcck f\u00f6rdern und innerliche Freiheit und Verbundenheit vertiefen kann.<\/p>\n\n\n<figure class=\"wp-block-embed is-type-video is-provider-youtube wp-block-embed-youtube wp-embed-aspect-16-9 wp-has-aspect-ratio\"><div class=\"wp-block-embed__wrapper\">\n<iframe loading=\"lazy\" title=\"Das Satipatthana-Sutra und der Aufbau des Gehirns, Vortrag von Dorle Lommatzsch am 22. Januar 2026\" width=\"616\" height=\"347\" src=\"https:\/\/www.youtube.com\/embed\/cb2vWxTxzIU?feature=oembed\" frameborder=\"0\" allow=\"accelerometer; autoplay; clipboard-write; encrypted-media; gyroscope; picture-in-picture; web-share\" referrerpolicy=\"strict-origin-when-cross-origin\" allowfullscreen><\/iframe>\n<\/div><\/figure>\n","protected":false},"excerpt":{"rendered":"<p>9. April 2026 Unterschiedliche Meinungen als \u00dcbungsfeld \u2013 Buddhistische Praxis in konflikthaften Gespr\u00e4chen Shifu Simplicity &nbsp; \u00fcber Shifu Simplicity online via ZoomDonnerstag 19-21 UhrEintritt: 10 Euro, erm. 5 Euro Wir merken alle, dass sich der Umgang miteinander immer mehr an verschiedenen Themen polarisiert und ein echter Austausch oft nicht m\u00f6glich ist. Das erleben wir dann [&hellip;]<\/p>\n","protected":false},"author":1,"featured_media":0,"parent":0,"menu_order":0,"comment_status":"closed","ping_status":"closed","template":"","meta":{"footnotes":""},"class_list":["post-5266","page","type-page","status-publish","hentry"],"yoast_head":"<!-- This site is optimized with the Yoast SEO plugin v25.3.1 - https:\/\/yoast.com\/wordpress\/plugins\/seo\/ -->\n<title>Vortr\u00e4ge 2026 - Buddhistische Akademie Berlin-Brandenburg<\/title>\n<meta name=\"robots\" content=\"noindex, follow\" \/>\n<meta property=\"og:locale\" content=\"de_DE\" \/>\n<meta property=\"og:type\" content=\"article\" \/>\n<meta property=\"og:title\" content=\"Vortr\u00e4ge 2026 - Buddhistische Akademie Berlin-Brandenburg\" \/>\n<meta property=\"og:description\" content=\"9. April 2026 Unterschiedliche Meinungen als \u00dcbungsfeld \u2013 Buddhistische Praxis in konflikthaften Gespr\u00e4chen Shifu Simplicity &nbsp; \u00fcber Shifu Simplicity online via ZoomDonnerstag 19-21 UhrEintritt: 10 Euro, erm. 5 Euro Wir merken alle, dass sich der Umgang miteinander immer mehr an verschiedenen Themen polarisiert und ein echter Austausch oft nicht m\u00f6glich ist. Das erleben wir dann [&hellip;]\" \/>\n<meta property=\"og:url\" content=\"https:\/\/buddhistische-akademie-bb.de\/?page_id=5266\" \/>\n<meta property=\"og:site_name\" content=\"Buddhistische Akademie Berlin-Brandenburg\" \/>\n<meta property=\"article:publisher\" content=\"https:\/\/www.facebook.com\/profile.php?id=100009188940719\" \/>\n<meta property=\"article:modified_time\" content=\"2026-03-23T15:38:34+00:00\" \/>\n<meta property=\"og:image\" content=\"https:\/\/buddhistische-akademie-bb.de\/wp-content\/uploads\/2025\/12\/sister-simplicity.gif\" \/>\n\t<meta property=\"og:image:width\" content=\"150\" \/>\n\t<meta property=\"og:image:height\" content=\"188\" \/>\n\t<meta property=\"og:image:type\" content=\"image\/gif\" \/>\n<meta name=\"twitter:card\" content=\"summary_large_image\" \/>\n<meta name=\"twitter:label1\" content=\"Gesch\u00e4tzte Lesezeit\" \/>\n\t<meta name=\"twitter:data1\" content=\"5\u00a0Minuten\" \/>\n<script type=\"application\/ld+json\" class=\"yoast-schema-graph\">{\"@context\":\"https:\/\/schema.org\",\"@graph\":[{\"@type\":\"WebPage\",\"@id\":\"https:\/\/buddhistische-akademie-bb.de\/?page_id=5266\",\"url\":\"https:\/\/buddhistische-akademie-bb.de\/?page_id=5266\",\"name\":\"Vortr\u00e4ge 2026 - Buddhistische Akademie Berlin-Brandenburg\",\"isPartOf\":{\"@id\":\"https:\/\/buddhistische-akademie-bb.de\/#website\"},\"primaryImageOfPage\":{\"@id\":\"https:\/\/buddhistische-akademie-bb.de\/?page_id=5266#primaryimage\"},\"image\":{\"@id\":\"https:\/\/buddhistische-akademie-bb.de\/?page_id=5266#primaryimage\"},\"thumbnailUrl\":\"https:\/\/buddhistische-akademie-bb.de\/wp-content\/uploads\/2025\/12\/sister-simplicity.gif\",\"datePublished\":\"2026-01-22T05:56:46+00:00\",\"dateModified\":\"2026-03-23T15:38:34+00:00\",\"breadcrumb\":{\"@id\":\"https:\/\/buddhistische-akademie-bb.de\/?page_id=5266#breadcrumb\"},\"inLanguage\":\"de\",\"potentialAction\":[{\"@type\":\"ReadAction\",\"target\":[\"https:\/\/buddhistische-akademie-bb.de\/?page_id=5266\"]}]},{\"@type\":\"ImageObject\",\"inLanguage\":\"de\",\"@id\":\"https:\/\/buddhistische-akademie-bb.de\/?page_id=5266#primaryimage\",\"url\":\"https:\/\/buddhistische-akademie-bb.de\/wp-content\/uploads\/2025\/12\/sister-simplicity.gif\",\"contentUrl\":\"https:\/\/buddhistische-akademie-bb.de\/wp-content\/uploads\/2025\/12\/sister-simplicity.gif\",\"width\":150,\"height\":188},{\"@type\":\"BreadcrumbList\",\"@id\":\"https:\/\/buddhistische-akademie-bb.de\/?page_id=5266#breadcrumb\",\"itemListElement\":[{\"@type\":\"ListItem\",\"position\":1,\"name\":\"Startseite\",\"item\":\"https:\/\/buddhistische-akademie-bb.de\/\"},{\"@type\":\"ListItem\",\"position\":2,\"name\":\"Vortr\u00e4ge 2026\"}]},{\"@type\":\"WebSite\",\"@id\":\"https:\/\/buddhistische-akademie-bb.de\/#website\",\"url\":\"https:\/\/buddhistische-akademie-bb.de\/\",\"name\":\"Buddhistische Akademie Berlin-Brandenburg\",\"description\":\"\",\"publisher\":{\"@id\":\"https:\/\/buddhistische-akademie-bb.de\/#organization\"},\"potentialAction\":[{\"@type\":\"SearchAction\",\"target\":{\"@type\":\"EntryPoint\",\"urlTemplate\":\"https:\/\/buddhistische-akademie-bb.de\/?s={search_term_string}\"},\"query-input\":{\"@type\":\"PropertyValueSpecification\",\"valueRequired\":true,\"valueName\":\"search_term_string\"}}],\"inLanguage\":\"de\"},{\"@type\":\"Organization\",\"@id\":\"https:\/\/buddhistische-akademie-bb.de\/#organization\",\"name\":\"Buddhistische Akademie Berlin Brandenburg\",\"url\":\"https:\/\/buddhistische-akademie-bb.de\/\",\"logo\":{\"@type\":\"ImageObject\",\"inLanguage\":\"de\",\"@id\":\"https:\/\/buddhistische-akademie-bb.de\/#\/schema\/logo\/image\/\",\"url\":\"https:\/\/buddhistische-akademie-bb.de\/wp-content\/uploads\/2021\/05\/Logo.jpg\",\"contentUrl\":\"https:\/\/buddhistische-akademie-bb.de\/wp-content\/uploads\/2021\/05\/Logo.jpg\",\"width\":268,\"height\":260,\"caption\":\"Buddhistische Akademie Berlin Brandenburg\"},\"image\":{\"@id\":\"https:\/\/buddhistische-akademie-bb.de\/#\/schema\/logo\/image\/\"},\"sameAs\":[\"https:\/\/www.facebook.com\/profile.php?id=100009188940719\",\"https:\/\/www.youtube.com\/channel\/UCQxxUAV0IA-9FF2Icr4J6fQ\"]}]}<\/script>\n<!-- \/ Yoast SEO plugin. -->","yoast_head_json":{"title":"Vortr\u00e4ge 2026 - Buddhistische Akademie Berlin-Brandenburg","robots":{"index":"noindex","follow":"follow"},"og_locale":"de_DE","og_type":"article","og_title":"Vortr\u00e4ge 2026 - Buddhistische Akademie Berlin-Brandenburg","og_description":"9. April 2026 Unterschiedliche Meinungen als \u00dcbungsfeld \u2013 Buddhistische Praxis in konflikthaften Gespr\u00e4chen Shifu Simplicity &nbsp; \u00fcber Shifu Simplicity online via ZoomDonnerstag 19-21 UhrEintritt: 10 Euro, erm. 5 Euro Wir merken alle, dass sich der Umgang miteinander immer mehr an verschiedenen Themen polarisiert und ein echter Austausch oft nicht m\u00f6glich ist. Das erleben wir dann [&hellip;]","og_url":"https:\/\/buddhistische-akademie-bb.de\/?page_id=5266","og_site_name":"Buddhistische Akademie Berlin-Brandenburg","article_publisher":"https:\/\/www.facebook.com\/profile.php?id=100009188940719","article_modified_time":"2026-03-23T15:38:34+00:00","og_image":[{"width":150,"height":188,"url":"https:\/\/buddhistische-akademie-bb.de\/wp-content\/uploads\/2025\/12\/sister-simplicity.gif","type":"image\/gif"}],"twitter_card":"summary_large_image","twitter_misc":{"Gesch\u00e4tzte Lesezeit":"5\u00a0Minuten"},"schema":{"@context":"https:\/\/schema.org","@graph":[{"@type":"WebPage","@id":"https:\/\/buddhistische-akademie-bb.de\/?page_id=5266","url":"https:\/\/buddhistische-akademie-bb.de\/?page_id=5266","name":"Vortr\u00e4ge 2026 - Buddhistische Akademie Berlin-Brandenburg","isPartOf":{"@id":"https:\/\/buddhistische-akademie-bb.de\/#website"},"primaryImageOfPage":{"@id":"https:\/\/buddhistische-akademie-bb.de\/?page_id=5266#primaryimage"},"image":{"@id":"https:\/\/buddhistische-akademie-bb.de\/?page_id=5266#primaryimage"},"thumbnailUrl":"https:\/\/buddhistische-akademie-bb.de\/wp-content\/uploads\/2025\/12\/sister-simplicity.gif","datePublished":"2026-01-22T05:56:46+00:00","dateModified":"2026-03-23T15:38:34+00:00","breadcrumb":{"@id":"https:\/\/buddhistische-akademie-bb.de\/?page_id=5266#breadcrumb"},"inLanguage":"de","potentialAction":[{"@type":"ReadAction","target":["https:\/\/buddhistische-akademie-bb.de\/?page_id=5266"]}]},{"@type":"ImageObject","inLanguage":"de","@id":"https:\/\/buddhistische-akademie-bb.de\/?page_id=5266#primaryimage","url":"https:\/\/buddhistische-akademie-bb.de\/wp-content\/uploads\/2025\/12\/sister-simplicity.gif","contentUrl":"https:\/\/buddhistische-akademie-bb.de\/wp-content\/uploads\/2025\/12\/sister-simplicity.gif","width":150,"height":188},{"@type":"BreadcrumbList","@id":"https:\/\/buddhistische-akademie-bb.de\/?page_id=5266#breadcrumb","itemListElement":[{"@type":"ListItem","position":1,"name":"Startseite","item":"https:\/\/buddhistische-akademie-bb.de\/"},{"@type":"ListItem","position":2,"name":"Vortr\u00e4ge 2026"}]},{"@type":"WebSite","@id":"https:\/\/buddhistische-akademie-bb.de\/#website","url":"https:\/\/buddhistische-akademie-bb.de\/","name":"Buddhistische Akademie Berlin-Brandenburg","description":"","publisher":{"@id":"https:\/\/buddhistische-akademie-bb.de\/#organization"},"potentialAction":[{"@type":"SearchAction","target":{"@type":"EntryPoint","urlTemplate":"https:\/\/buddhistische-akademie-bb.de\/?s={search_term_string}"},"query-input":{"@type":"PropertyValueSpecification","valueRequired":true,"valueName":"search_term_string"}}],"inLanguage":"de"},{"@type":"Organization","@id":"https:\/\/buddhistische-akademie-bb.de\/#organization","name":"Buddhistische Akademie Berlin Brandenburg","url":"https:\/\/buddhistische-akademie-bb.de\/","logo":{"@type":"ImageObject","inLanguage":"de","@id":"https:\/\/buddhistische-akademie-bb.de\/#\/schema\/logo\/image\/","url":"https:\/\/buddhistische-akademie-bb.de\/wp-content\/uploads\/2021\/05\/Logo.jpg","contentUrl":"https:\/\/buddhistische-akademie-bb.de\/wp-content\/uploads\/2021\/05\/Logo.jpg","width":268,"height":260,"caption":"Buddhistische Akademie Berlin Brandenburg"},"image":{"@id":"https:\/\/buddhistische-akademie-bb.de\/#\/schema\/logo\/image\/"},"sameAs":["https:\/\/www.facebook.com\/profile.php?id=100009188940719","https:\/\/www.youtube.com\/channel\/UCQxxUAV0IA-9FF2Icr4J6fQ"]}]}},"_links":{"self":[{"href":"https:\/\/buddhistische-akademie-bb.de\/index.php?rest_route=\/wp\/v2\/pages\/5266","targetHints":{"allow":["GET"]}}],"collection":[{"href":"https:\/\/buddhistische-akademie-bb.de\/index.php?rest_route=\/wp\/v2\/pages"}],"about":[{"href":"https:\/\/buddhistische-akademie-bb.de\/index.php?rest_route=\/wp\/v2\/types\/page"}],"author":[{"embeddable":true,"href":"https:\/\/buddhistische-akademie-bb.de\/index.php?rest_route=\/wp\/v2\/users\/1"}],"replies":[{"embeddable":true,"href":"https:\/\/buddhistische-akademie-bb.de\/index.php?rest_route=%2Fwp%2Fv2%2Fcomments&post=5266"}],"version-history":[{"count":15,"href":"https:\/\/buddhistische-akademie-bb.de\/index.php?rest_route=\/wp\/v2\/pages\/5266\/revisions"}],"predecessor-version":[{"id":5426,"href":"https:\/\/buddhistische-akademie-bb.de\/index.php?rest_route=\/wp\/v2\/pages\/5266\/revisions\/5426"}],"wp:attachment":[{"href":"https:\/\/buddhistische-akademie-bb.de\/index.php?rest_route=%2Fwp%2Fv2%2Fmedia&parent=5266"}],"curies":[{"name":"wp","href":"https:\/\/api.w.org\/{rel}","templated":true}]}}