{"id":5285,"date":"2026-02-02T16:14:14","date_gmt":"2026-02-02T16:14:14","guid":{"rendered":"https:\/\/buddhistische-akademie-bb.de\/?page_id=5285"},"modified":"2026-04-23T07:20:01","modified_gmt":"2026-04-23T07:20:01","slug":"seminare-und-kurse-2026","status":"publish","type":"page","link":"https:\/\/buddhistische-akademie-bb.de\/?page_id=5285","title":{"rendered":"Seminare und Kurse 2026"},"content":{"rendered":"<p>&nbsp;<\/p>\n<p><img loading=\"lazy\" decoding=\"async\" class=\"alignnone size-full wp-image-5168\" src=\"https:\/\/buddhistische-akademie-bb.de\/wp-content\/uploads\/2025\/07\/metta-2025.gif\" alt=\"\" width=\"150\" height=\"188\" \/> <img loading=\"lazy\" decoding=\"async\" class=\"alignnone size-full wp-image-5169\" src=\"https:\/\/buddhistische-akademie-bb.de\/wp-content\/uploads\/2025\/07\/renate-loeseke-2025.gif\" alt=\"\" width=\"150\" height=\"188\" \/><\/p>\n<p><strong>22. \u2013 25. Mai 2026<\/strong><\/p>\n<p><strong>Mit Resilienz \u00fcber unsere Grenzen hinauswachsen<\/strong><\/p>\n<p><strong>Retreat und Einsichtsdialog<\/strong><\/p>\n<p><strong>mit Metta, Irene Wulff und Renate L\u00f6seke<\/strong><\/p>\n<p>Anreise: Freitag 22.5.2026 16 \u2013 18 Uhr, Ende Montag 25.5.2026 15 Uhr<br \/>Ort: Quelle des Mitgef\u00fchls, Heidenheimer Str. 27, 13467 Berlin<\/p>\n<p><strong><a href=\"https:\/\/www.buddhistische-akademie-bb.de\/?page_id=383#Wulff\">\u00fcber Metta\u00a0<\/a>\u00a0 \u00a0 \u00a0 \u00a0 \u00a0 \u00a0 \u00a0 \u00a0 \u00a0 \u00a0 \u00a0 \u00a0\u00a0<a href=\"https:\/\/www.buddhistische-akademie-bb.de\/?page_id=383#Loeseke\">\u00fcber Renate L\u00f6seke<\/a><\/strong><\/p>\n<p>Resilienz ist die F\u00e4higkeit den Widrigkeiten des Lebens zu begegnen und gest\u00e4rkt draus hervor zu gehen. Sie hilft uns dabei, die Herausforderungen des Lebens anzunehmen und mit Lebenskrisen zu wachsen. Wenn wir Resilienz in uns entwickelt haben, hei\u00dft das nicht, dass wir keine Schicksalsschl\u00e4ge mehr erleben, wie z. B. den Verlust eines geliebten Menschen. Wir werden diese auch weiterhin als schmerzhaft erleben. Es geht darum in der Lage zu sein, uns an neue Situationen anzupassen und trotz aller Widrigkeiten optimistisch und zuversichtlich zu bleiben. Unsere Verletzlichkeit in Situationen der Herausforderung verbindet uns gleichzeitig auch mit anderen, die \u00e4hnliches erleben. Resilienz hilft uns dabei nicht aufzugeben und unseren Lebensmut und die Lebensfreude immer wieder zu finden.<\/p>\n<p>An diesem Wochenende wollen wir genauer hinschauen und untersuchen, was uns dabei hilft.<\/p>\n<p>Die stille Meditationspraxis und der Einsichtsdialog erm\u00f6glichen es uns, die Resourcen der Resilienz zu erkennen und zu entwickeln.<\/p>\n<p>Anmeldung: <a href=\"mailto:office@buddhistische-akademie-bb.de\">office@buddhistische-akademie-bb.de<\/a><br \/><strong>Anmeldeschluss: 15. Mai 2026<\/strong><br \/>Seminargeb\u00fchr: 115 Euro (F\u00fcr Raummiete und Organisation)<br \/>Spende\u00a0am Ende des Retreats f\u00fcr die Lehrerinnen<\/p>\n<p>Bankverbindung: Buddhistische Akademie Berlin Brandenburg<br \/>GLS Bank<br \/>IBAN: DE 53430 60967 11338 34901\u00a0\u00a0\u00a0<\/p>\n<p>Retreat mit oder ohne \u00dcbernachtung. Kosten f\u00fcr drei \u00dcbernachtungen im Einzelzimmer oder Doppelzimmer 75 Euro vor Ort zu bezahlen. Bitte Bettw\u00e4sche mitbringen oder f\u00fcr 15 Euro ausleihen.<\/p>\n<p>Essen (vegan): gemeinsames Essen morgens mittags und abends und die Kosten werden umgelegt (ca. 30-35 Euro). Wenn ihr besondere Di\u00e4ten einhalten m\u00fcsst (Glutenfrei etc.), k\u00f6nnt ihr euch auch selbst versorgen.<\/p>\n<hr \/>\n<div class=\"post-content entry-content\">\n<p><img loading=\"lazy\" decoding=\"async\" class=\"alignnone size-full wp-image-4559\" src=\"https:\/\/buddhistische-akademie-bb.de\/wp-content\/uploads\/2024\/01\/dorle-1.gif\" alt=\"\" width=\"150\" height=\"188\" \/> <img loading=\"lazy\" decoding=\"async\" class=\"alignnone size-full wp-image-4558\" src=\"https:\/\/buddhistische-akademie-bb.de\/wp-content\/uploads\/2024\/01\/reiner_huehner.gif\" alt=\"\" width=\"150\" height=\"188\" \/><\/p>\n<p><strong>17. September \u2013 17. Dezember 2026<\/strong><\/p>\n<p><strong>SIEBEN <\/strong><strong>FRIEDENS-<\/strong><strong>LEKTIONEN \u2013\u00a0<\/strong><strong>Neurosensitive Achtsamkeit\u00a0<\/strong><strong>als Friedens\u00fcbung<\/strong><\/p>\n<p><strong>8-w\u00f6chiger Online-Kurs via Zoom<br \/><\/strong><br \/><strong>Ein Weg mit Dorle Lommatzsch (Tilburg\/NL) und Reiner Seido H\u00fchner (Bonn\/D)<\/strong><\/p>\n<p>8 Termine \/ \u00e1 120 Minuten \/ donnerstags 19-21 Uhr\/ online via Zoom<br \/>Termine: 17.9., 01.10., 08.10., 22.10., 05.11., 19.11., 03.12. und 17.12.2026<strong><br \/>Kursgeb\u00fchr:<\/strong>\u00a0180 \u20ac \/ erm. 120 \u20ac \/ bei geringem Einkommen gerne auf Spendenbasis \/ Dana, Bankverbindung s.u.<\/p>\n<p><strong>Anmeldung<\/strong>:\u00a0<a href=\"mailto:office@buddhistische-akademie-bb.de\">office@buddhistische-akademie-bb.de<\/a><\/p>\n<p><a href=\"https:\/\/www.buddhistische-akademie-bb.de\/?page_id=383#Lommatzsch\">\u00fcber Dorle Lommatsch<\/a>\u00a0 \u00a0 \u00a0 \u00a0\u00a0<a href=\"https:\/\/www.buddhistische-akademie-bb.de\/?page_id=383#Huehner\">\u00fcber Reiner Seido H\u00fchner<\/a><\/p>\n<p><strong>Unser Credo: Frieden kann man lernen!<\/strong><br \/>Welches Bewusstsein f\u00fchrt zum Krieg? Welches Bewusstsein zum Frieden? Was k\u00f6nnen wir tun, um ein friedliches Bewusstsein in uns und anderen zu erm\u00f6glichen? K\u00f6nnen wir eine Oase des Friedens erschaffen?<br \/>Frieden und Krieg sind gro\u00dfe Themen \u2013 und doch f\u00e4ngt beides im Kleinen an.<br \/>In 8 online-Begegnungen wollen wir die Friedens-Lektionen durch Meditationen, achtsames Schreiben und achtsamen Austausch in uns lebendig machen.<br \/>Unsere Botschaft ist: Frieden kann man lernen!<\/p>\n<p><strong>Was wir anbieten<\/strong><br \/>Anhand des Buchs \u201eSieben Friedens-Lektionen\u201c (das Buch wird digital zur Verf\u00fcgung gestellt) gehen wir gemeinsam Schritt f\u00fcr Schritt durch die Friedens-Lektionen. Alle Lektionen sind einerseits inspiriert durch Buddhistische Psychologie und anderseits durch die Neurowissenschaften. Beide Bereiche erg\u00e4nzen und unterst\u00fctzen einander. Die Kenntnis \u00fcber das Funktionieren des Gehirns und des Autonomen Nervensystems hilft uns, mit unserer instinktiven Intelligenz zusammenzuarbeiten und achtsam neue Wege zu finden. Respektvoll und im Bewusstsein unserer Unterschiede werden wir entdecken, was ein friedvolles Zusammenleben erbl\u00fchen l\u00e4sst. Achtsames Gewahrsein ist das Fundament, das diesen Lernprozess erm\u00f6glicht.<\/p>\n<p>Jede Lektion wird kurz erl\u00e4utert und in einer angeleiteten Meditation erforscht.<br \/>Im zweiten Teil wird das Thema anhand von Schreibimpulsen und -\u00fcbungen sichtbar und tiefer sp\u00fcrbar gemacht.<br \/>Jeder Kursteil besteht aus vier Teilen:<\/p>\n<ol class=\"wp-block-list\">\n<li>Eine Einf\u00fchrung in das Thema aus der Perspektive der Buddhistischen Psychologie und der Neurowissenschaften.<\/li>\n<li>Angeleitete Meditations\u00fcbung<\/li>\n<li>Ein Schreibimpuls zum Thema mit der Einladung, die Texte im gesch\u00fctzten Raum vorzulesen.<\/li>\n<li>Abschluss in achtsamem Austausch<\/li>\n<\/ol>\n<p><strong>Bankverbindung:<\/strong><br \/>Buddhistische Akademie Berlin Brandenburg<br \/>GLS Bank<br \/>IBAN: DE 53430 60967 11338 34901<br \/>Verwendungszweck: Kurs sieben Friedenslektionen<\/p>\n<p>Einf\u00fchrungsvortrag zum Kurs:<\/p>\n<\/div>\n\n\n<figure class=\"wp-block-embed is-type-video is-provider-youtube wp-block-embed-youtube wp-embed-aspect-16-9 wp-has-aspect-ratio\"><div class=\"wp-block-embed__wrapper\">\n<iframe loading=\"lazy\" title=\"SIEBEN FRIEDENS-LEKTIONEN - Neurosensitive Achtsamkeit als Friedens\u00fcbung\" width=\"616\" height=\"347\" src=\"https:\/\/www.youtube.com\/embed\/fVHwhwF-Pc4?feature=oembed\" frameborder=\"0\" allow=\"accelerometer; autoplay; clipboard-write; encrypted-media; gyroscope; picture-in-picture; web-share\" referrerpolicy=\"strict-origin-when-cross-origin\" allowfullscreen><\/iframe>\n<\/div><\/figure>\n\n\n<p>\n\n<hr \/>\n<p>&nbsp;<\/p>\n\n<p><\/p>\n<p><strong>18. April 2026<img loading=\"lazy\" decoding=\"async\" class=\"size-full wp-image-3853 alignright\" src=\"https:\/\/buddhistische-akademie-bb.de\/wp-content\/uploads\/2022\/12\/susanne-streibert.gif\" alt=\"\" width=\"150\" height=\"188\" \/><\/strong><\/p>\n<p><strong>\u201eVom Muster zur Klarheit\u201c\u00a0<\/strong>\u2013<br \/>Vom \u00dcberlebensmodus hin zu einem lebendigen \u00abMit-Sein\u00bb<\/p>\n<p><strong>mit Susanne Streibert<\/strong><\/p>\n<p>&nbsp;<\/p>\n<p>Online-Workshop via Zoom<br \/>Zeiten: 10.30 &#8211; 12 Uhr, 13.15 &#8211; 14.45 Uhr, 15.30 &#8211; 17 Uhr<br \/>Kursgeb\u00fchr: 80 Euro<br \/><strong>Anmeldung: <\/strong><a href=\"mailto:office@buddhistische-akademie-bb.de\">office@buddhistische-akademie-bb.de<\/a><\/p>\n<p>\n\n<\/p>\n<p><a href=\"https:\/\/www.buddhistische-akademie-bb.de\/?page_id=383#Streibert\">\u00fcber Susanne Streibert<\/a><\/p>\n<p><\/p>\n\n\n<p><strong>Inhalt\/\u00dcberblick:<\/strong><\/p>\n\n\n\n<p>In diesem Workshop erforschen wir unser Menschsein im Kontext von zwischenmenschlichen Interaktionen. Vielen von uns f\u00e4llt es leichter, sich authentisch und verankert zu f\u00fchlen, wenn wir allein sind. Warum ist das so? Wenn wir davon ausgehen, dass wir als Menschen von Grund aus beziehungsorientiert sind, stellt sich die Frage, warum es nicht immer einfach ist, uns authentisch, wohl und sicher zu f\u00fchlen, wenn wir mit unseren Mitmenschen in Kontakt treten oder gar zusammenleben. Wir gehen daher der Frage nach, wie es gelingen kann, einerseits in uns verankert zu sein und gleichzeitig unser Interesse am Sein mit anderen zu erfahren.<\/p>\n\n\n\n<p>Hierbei beziehen wir uns auf das Wissen aus der buddhistischen Psychologie wie auch auf westliche Konzepte des Seins und Werdens in Bezug auf unsere menschliche Natur. Ebenso werden die Erkenntnisse und Methoden aus der Trauma-Arbeit (Somatic Experiencing) einfliessen.<\/p>\n\n\n\n<p><strong>Form, Zeiten und Struktur des Workshops:<\/strong><\/p>\n\n\n\n<p>Workshop am Samstag, 18. April 2026 \/ 10.30 Uhr bis ca. 17 Uhr (3x 90 Minuten mit Pausen)<\/p>\n\n\n\n<p>10.30 &#8211; 12 Uhr Teil I:<br><strong><em>Verst\u00e4ndnis der menschlichen Natur:<\/em><\/strong> Fr\u00fchste Pr\u00e4gungen, Verst\u00e4ndnis der Biologie von Trauma, Beziehungsorientierung vs. Getrenntsein.<\/p>\n\n\n\n<p>13.15 &#8211; 14.45 Uhr Teil II:<br><strong><em>Sicherheit f\u00fcr uns generieren<\/em><\/strong>: Ans\u00e4tze einer R\u00fcckkehr zu einem Erleben des Verbunden seins mit \u00dcbungen explorieren.<\/p>\n\n\n\n<p>15.30 &#8211; 17 Uhr Teil III:<br><strong><em>Eine sichere Person f\u00fcr unsere Mitmenschen sein<\/em><\/strong>: Ans\u00e4tze und \u00dcbungen zum tieferen Verst\u00e4ndnis dessen, wie wir unsere Beziehungen leben. Hierbei k\u00f6nnen uns Achtsames Zuh\u00f6ren, spirituelle Freundschaft (kalyana Mitta), Bez\u00fcge zu den \u00abgrenzenlosen\u00bb Verweilungszust\u00e4nden (Brahmavihara) und zum Intersein (Interbeing) als m\u00f6gliche Referenzideen dienen.<\/p>\n\n\n\n<p><em>Vertraulichkeit\/Rahmenbedingung: <\/em>In diesem Workshop soll auf der Basis der Vertraulichkeit Raum entstehen, sich in dem Masse mitzuteilen und das eigene Wissen einfliessen zu lassen, wie es in dem Moment gerade stimmig erscheint.<\/p>\n\n\n\n<p>Inhaltliche Fragen im Vorfeld: bitte an SuStreibert@gmx.ch<\/p>\n\n\n\n<p><\/p>\n\n\n\n<p><\/p>\n\n\n\n<p><\/p>\n","protected":false},"excerpt":{"rendered":"<p>&nbsp; 22. \u2013 25. Mai 2026 Mit Resilienz \u00fcber unsere Grenzen hinauswachsen Retreat und Einsichtsdialog mit Metta, Irene Wulff und Renate L\u00f6seke Anreise: Freitag 22.5.2026 16 \u2013 18 Uhr, Ende Montag 25.5.2026 15 UhrOrt: Quelle des Mitgef\u00fchls, Heidenheimer Str. 27, 13467 Berlin \u00fcber Metta\u00a0\u00a0 \u00a0 \u00a0 \u00a0 \u00a0 \u00a0 \u00a0 \u00a0 \u00a0 \u00a0 \u00a0 \u00a0\u00a0\u00fcber [&hellip;]<\/p>\n","protected":false},"author":1,"featured_media":0,"parent":0,"menu_order":0,"comment_status":"closed","ping_status":"closed","template":"","meta":{"footnotes":""},"class_list":["post-5285","page","type-page","status-publish","hentry"],"yoast_head":"<!-- This site is optimized with the Yoast SEO plugin v25.3.1 - https:\/\/yoast.com\/wordpress\/plugins\/seo\/ -->\n<title>Seminare und Kurse 2026 - Buddhistische Akademie Berlin-Brandenburg<\/title>\n<meta name=\"robots\" content=\"noindex, follow\" \/>\n<meta property=\"og:locale\" content=\"de_DE\" \/>\n<meta property=\"og:type\" content=\"article\" \/>\n<meta property=\"og:title\" content=\"Seminare und Kurse 2026 - Buddhistische Akademie Berlin-Brandenburg\" \/>\n<meta property=\"og:description\" content=\"&nbsp; 22. \u2013 25. Mai 2026 Mit Resilienz \u00fcber unsere Grenzen hinauswachsen Retreat und Einsichtsdialog mit Metta, Irene Wulff und Renate L\u00f6seke Anreise: Freitag 22.5.2026 16 \u2013 18 Uhr, Ende Montag 25.5.2026 15 UhrOrt: Quelle des Mitgef\u00fchls, Heidenheimer Str. 27, 13467 Berlin \u00fcber Metta\u00a0\u00a0 \u00a0 \u00a0 \u00a0 \u00a0 \u00a0 \u00a0 \u00a0 \u00a0 \u00a0 \u00a0 \u00a0\u00a0\u00fcber [&hellip;]\" \/>\n<meta property=\"og:url\" content=\"https:\/\/buddhistische-akademie-bb.de\/?page_id=5285\" \/>\n<meta property=\"og:site_name\" content=\"Buddhistische Akademie Berlin-Brandenburg\" \/>\n<meta property=\"article:publisher\" content=\"https:\/\/www.facebook.com\/profile.php?id=100009188940719\" \/>\n<meta property=\"article:modified_time\" content=\"2026-04-23T07:20:01+00:00\" \/>\n<meta property=\"og:image\" content=\"https:\/\/buddhistische-akademie-bb.de\/wp-content\/uploads\/2025\/07\/metta-2025.gif\" \/>\n\t<meta property=\"og:image:width\" content=\"150\" \/>\n\t<meta property=\"og:image:height\" content=\"188\" \/>\n\t<meta property=\"og:image:type\" content=\"image\/gif\" \/>\n<meta name=\"twitter:card\" content=\"summary_large_image\" \/>\n<meta name=\"twitter:label1\" content=\"Gesch\u00e4tzte Lesezeit\" \/>\n\t<meta name=\"twitter:data1\" content=\"7\u00a0Minuten\" \/>\n<script type=\"application\/ld+json\" class=\"yoast-schema-graph\">{\"@context\":\"https:\/\/schema.org\",\"@graph\":[{\"@type\":\"WebPage\",\"@id\":\"https:\/\/buddhistische-akademie-bb.de\/?page_id=5285\",\"url\":\"https:\/\/buddhistische-akademie-bb.de\/?page_id=5285\",\"name\":\"Seminare und Kurse 2026 - Buddhistische Akademie Berlin-Brandenburg\",\"isPartOf\":{\"@id\":\"https:\/\/buddhistische-akademie-bb.de\/#website\"},\"primaryImageOfPage\":{\"@id\":\"https:\/\/buddhistische-akademie-bb.de\/?page_id=5285#primaryimage\"},\"image\":{\"@id\":\"https:\/\/buddhistische-akademie-bb.de\/?page_id=5285#primaryimage\"},\"thumbnailUrl\":\"https:\/\/buddhistische-akademie-bb.de\/wp-content\/uploads\/2025\/07\/metta-2025.gif\",\"datePublished\":\"2026-02-02T16:14:14+00:00\",\"dateModified\":\"2026-04-23T07:20:01+00:00\",\"breadcrumb\":{\"@id\":\"https:\/\/buddhistische-akademie-bb.de\/?page_id=5285#breadcrumb\"},\"inLanguage\":\"de\",\"potentialAction\":[{\"@type\":\"ReadAction\",\"target\":[\"https:\/\/buddhistische-akademie-bb.de\/?page_id=5285\"]}]},{\"@type\":\"ImageObject\",\"inLanguage\":\"de\",\"@id\":\"https:\/\/buddhistische-akademie-bb.de\/?page_id=5285#primaryimage\",\"url\":\"https:\/\/buddhistische-akademie-bb.de\/wp-content\/uploads\/2025\/07\/metta-2025.gif\",\"contentUrl\":\"https:\/\/buddhistische-akademie-bb.de\/wp-content\/uploads\/2025\/07\/metta-2025.gif\",\"width\":150,\"height\":188},{\"@type\":\"BreadcrumbList\",\"@id\":\"https:\/\/buddhistische-akademie-bb.de\/?page_id=5285#breadcrumb\",\"itemListElement\":[{\"@type\":\"ListItem\",\"position\":1,\"name\":\"Startseite\",\"item\":\"https:\/\/buddhistische-akademie-bb.de\/\"},{\"@type\":\"ListItem\",\"position\":2,\"name\":\"Seminare und Kurse 2026\"}]},{\"@type\":\"WebSite\",\"@id\":\"https:\/\/buddhistische-akademie-bb.de\/#website\",\"url\":\"https:\/\/buddhistische-akademie-bb.de\/\",\"name\":\"Buddhistische Akademie Berlin-Brandenburg\",\"description\":\"\",\"publisher\":{\"@id\":\"https:\/\/buddhistische-akademie-bb.de\/#organization\"},\"potentialAction\":[{\"@type\":\"SearchAction\",\"target\":{\"@type\":\"EntryPoint\",\"urlTemplate\":\"https:\/\/buddhistische-akademie-bb.de\/?s={search_term_string}\"},\"query-input\":{\"@type\":\"PropertyValueSpecification\",\"valueRequired\":true,\"valueName\":\"search_term_string\"}}],\"inLanguage\":\"de\"},{\"@type\":\"Organization\",\"@id\":\"https:\/\/buddhistische-akademie-bb.de\/#organization\",\"name\":\"Buddhistische Akademie Berlin Brandenburg\",\"url\":\"https:\/\/buddhistische-akademie-bb.de\/\",\"logo\":{\"@type\":\"ImageObject\",\"inLanguage\":\"de\",\"@id\":\"https:\/\/buddhistische-akademie-bb.de\/#\/schema\/logo\/image\/\",\"url\":\"https:\/\/buddhistische-akademie-bb.de\/wp-content\/uploads\/2021\/05\/Logo.jpg\",\"contentUrl\":\"https:\/\/buddhistische-akademie-bb.de\/wp-content\/uploads\/2021\/05\/Logo.jpg\",\"width\":268,\"height\":260,\"caption\":\"Buddhistische Akademie Berlin Brandenburg\"},\"image\":{\"@id\":\"https:\/\/buddhistische-akademie-bb.de\/#\/schema\/logo\/image\/\"},\"sameAs\":[\"https:\/\/www.facebook.com\/profile.php?id=100009188940719\",\"https:\/\/www.youtube.com\/channel\/UCQxxUAV0IA-9FF2Icr4J6fQ\"]}]}<\/script>\n<!-- \/ Yoast SEO plugin. -->","yoast_head_json":{"title":"Seminare und Kurse 2026 - Buddhistische Akademie Berlin-Brandenburg","robots":{"index":"noindex","follow":"follow"},"og_locale":"de_DE","og_type":"article","og_title":"Seminare und Kurse 2026 - Buddhistische Akademie Berlin-Brandenburg","og_description":"&nbsp; 22. \u2013 25. Mai 2026 Mit Resilienz \u00fcber unsere Grenzen hinauswachsen Retreat und Einsichtsdialog mit Metta, Irene Wulff und Renate L\u00f6seke Anreise: Freitag 22.5.2026 16 \u2013 18 Uhr, Ende Montag 25.5.2026 15 UhrOrt: Quelle des Mitgef\u00fchls, Heidenheimer Str. 27, 13467 Berlin \u00fcber Metta\u00a0\u00a0 \u00a0 \u00a0 \u00a0 \u00a0 \u00a0 \u00a0 \u00a0 \u00a0 \u00a0 \u00a0 \u00a0\u00a0\u00fcber [&hellip;]","og_url":"https:\/\/buddhistische-akademie-bb.de\/?page_id=5285","og_site_name":"Buddhistische Akademie Berlin-Brandenburg","article_publisher":"https:\/\/www.facebook.com\/profile.php?id=100009188940719","article_modified_time":"2026-04-23T07:20:01+00:00","og_image":[{"width":150,"height":188,"url":"https:\/\/buddhistische-akademie-bb.de\/wp-content\/uploads\/2025\/07\/metta-2025.gif","type":"image\/gif"}],"twitter_card":"summary_large_image","twitter_misc":{"Gesch\u00e4tzte Lesezeit":"7\u00a0Minuten"},"schema":{"@context":"https:\/\/schema.org","@graph":[{"@type":"WebPage","@id":"https:\/\/buddhistische-akademie-bb.de\/?page_id=5285","url":"https:\/\/buddhistische-akademie-bb.de\/?page_id=5285","name":"Seminare und Kurse 2026 - Buddhistische Akademie Berlin-Brandenburg","isPartOf":{"@id":"https:\/\/buddhistische-akademie-bb.de\/#website"},"primaryImageOfPage":{"@id":"https:\/\/buddhistische-akademie-bb.de\/?page_id=5285#primaryimage"},"image":{"@id":"https:\/\/buddhistische-akademie-bb.de\/?page_id=5285#primaryimage"},"thumbnailUrl":"https:\/\/buddhistische-akademie-bb.de\/wp-content\/uploads\/2025\/07\/metta-2025.gif","datePublished":"2026-02-02T16:14:14+00:00","dateModified":"2026-04-23T07:20:01+00:00","breadcrumb":{"@id":"https:\/\/buddhistische-akademie-bb.de\/?page_id=5285#breadcrumb"},"inLanguage":"de","potentialAction":[{"@type":"ReadAction","target":["https:\/\/buddhistische-akademie-bb.de\/?page_id=5285"]}]},{"@type":"ImageObject","inLanguage":"de","@id":"https:\/\/buddhistische-akademie-bb.de\/?page_id=5285#primaryimage","url":"https:\/\/buddhistische-akademie-bb.de\/wp-content\/uploads\/2025\/07\/metta-2025.gif","contentUrl":"https:\/\/buddhistische-akademie-bb.de\/wp-content\/uploads\/2025\/07\/metta-2025.gif","width":150,"height":188},{"@type":"BreadcrumbList","@id":"https:\/\/buddhistische-akademie-bb.de\/?page_id=5285#breadcrumb","itemListElement":[{"@type":"ListItem","position":1,"name":"Startseite","item":"https:\/\/buddhistische-akademie-bb.de\/"},{"@type":"ListItem","position":2,"name":"Seminare und Kurse 2026"}]},{"@type":"WebSite","@id":"https:\/\/buddhistische-akademie-bb.de\/#website","url":"https:\/\/buddhistische-akademie-bb.de\/","name":"Buddhistische Akademie Berlin-Brandenburg","description":"","publisher":{"@id":"https:\/\/buddhistische-akademie-bb.de\/#organization"},"potentialAction":[{"@type":"SearchAction","target":{"@type":"EntryPoint","urlTemplate":"https:\/\/buddhistische-akademie-bb.de\/?s={search_term_string}"},"query-input":{"@type":"PropertyValueSpecification","valueRequired":true,"valueName":"search_term_string"}}],"inLanguage":"de"},{"@type":"Organization","@id":"https:\/\/buddhistische-akademie-bb.de\/#organization","name":"Buddhistische Akademie Berlin Brandenburg","url":"https:\/\/buddhistische-akademie-bb.de\/","logo":{"@type":"ImageObject","inLanguage":"de","@id":"https:\/\/buddhistische-akademie-bb.de\/#\/schema\/logo\/image\/","url":"https:\/\/buddhistische-akademie-bb.de\/wp-content\/uploads\/2021\/05\/Logo.jpg","contentUrl":"https:\/\/buddhistische-akademie-bb.de\/wp-content\/uploads\/2021\/05\/Logo.jpg","width":268,"height":260,"caption":"Buddhistische Akademie Berlin Brandenburg"},"image":{"@id":"https:\/\/buddhistische-akademie-bb.de\/#\/schema\/logo\/image\/"},"sameAs":["https:\/\/www.facebook.com\/profile.php?id=100009188940719","https:\/\/www.youtube.com\/channel\/UCQxxUAV0IA-9FF2Icr4J6fQ"]}]}},"_links":{"self":[{"href":"https:\/\/buddhistische-akademie-bb.de\/index.php?rest_route=\/wp\/v2\/pages\/5285","targetHints":{"allow":["GET"]}}],"collection":[{"href":"https:\/\/buddhistische-akademie-bb.de\/index.php?rest_route=\/wp\/v2\/pages"}],"about":[{"href":"https:\/\/buddhistische-akademie-bb.de\/index.php?rest_route=\/wp\/v2\/types\/page"}],"author":[{"embeddable":true,"href":"https:\/\/buddhistische-akademie-bb.de\/index.php?rest_route=\/wp\/v2\/users\/1"}],"replies":[{"embeddable":true,"href":"https:\/\/buddhistische-akademie-bb.de\/index.php?rest_route=%2Fwp%2Fv2%2Fcomments&post=5285"}],"version-history":[{"count":7,"href":"https:\/\/buddhistische-akademie-bb.de\/index.php?rest_route=\/wp\/v2\/pages\/5285\/revisions"}],"predecessor-version":[{"id":5472,"href":"https:\/\/buddhistische-akademie-bb.de\/index.php?rest_route=\/wp\/v2\/pages\/5285\/revisions\/5472"}],"wp:attachment":[{"href":"https:\/\/buddhistische-akademie-bb.de\/index.php?rest_route=%2Fwp%2Fv2%2Fmedia&parent=5285"}],"curies":[{"name":"wp","href":"https:\/\/api.w.org\/{rel}","templated":true}]}}