{"id":5473,"date":"2026-04-23T07:23:35","date_gmt":"2026-04-23T07:23:35","guid":{"rendered":"https:\/\/buddhistische-akademie-bb.de\/?page_id=5473"},"modified":"2026-04-23T07:32:27","modified_gmt":"2026-04-23T07:32:27","slug":"sieben-friedens-lektionen-neurosensitive-achtsamkeit-als-friedensuebung-17-september-bis-17-dezember","status":"publish","type":"page","link":"https:\/\/buddhistische-akademie-bb.de\/?page_id=5473","title":{"rendered":"17.9. &#8211; 17.12.2026: SIEBEN FRIEDENS-LEKTIONEN \u2013\u00a0Neurosensitive Achtsamkeit\u00a0als Friedens\u00fcbung"},"content":{"rendered":"<p><img loading=\"lazy\" decoding=\"async\" class=\"alignnone size-full wp-image-4559\" src=\"https:\/\/buddhistische-akademie-bb.de\/wp-content\/uploads\/2024\/01\/dorle-1.gif\" alt=\"\" width=\"150\" height=\"188\" \/>\u00a0 <img loading=\"lazy\" decoding=\"async\" class=\"alignnone size-full wp-image-4560\" src=\"https:\/\/buddhistische-akademie-bb.de\/wp-content\/uploads\/2024\/01\/reiner_huehner-1.gif\" alt=\"\" width=\"150\" height=\"188\" \/><\/p>\n<p><strong>17. September \u2013 17. Dezember 2026<\/strong><\/p>\n<p><strong>SIEBEN <\/strong><strong>FRIEDENS-<\/strong><strong>LEKTIONEN \u2013\u00a0<\/strong><strong>Neurosensitive Achtsamkeit\u00a0<\/strong><strong>als Friedens\u00fcbung<\/strong><\/p>\n<p><strong>8-w\u00f6chiger Online-Kurs via Zoom<br \/><\/strong><br \/><strong>Ein Weg mit Dorle Lommatzsch (Tilburg\/NL) und Reiner Seido H\u00fchner (Bonn\/D)<\/strong><\/p>\n<p>8 Termine \/ \u00e1 120 Minuten \/ donnerstags 19-21 Uhr\/ online via Zoom<br \/>Termine: 17.9., 01.10., 08.10., 22.10., 05.11., 19.11., 03.12. und 17.12.2026<strong><br \/>Kursgeb\u00fchr:<\/strong>\u00a0180 \u20ac \/ erm. 120 \u20ac \/ bei geringem Einkommen gerne auf Spendenbasis \/ Dana, Bankverbindung s.u.<\/p>\n<p><strong>Anmeldung<\/strong>:\u00a0<a href=\"mailto:office@buddhistische-akademie-bb.de\">office@buddhistische-akademie-bb.de<\/a><\/p>\n<p><a href=\"https:\/\/www.buddhistische-akademie-bb.de\/?page_id=383#Lommatzsch\">\u00fcber Dorle Lommatsch<\/a>\u00a0 \u00a0 \u00a0 \u00a0\u00a0<a href=\"https:\/\/www.buddhistische-akademie-bb.de\/?page_id=383#Huehner\">\u00fcber Reiner Seido H\u00fchner<\/a><\/p>\n<p><strong>Unser Credo: Frieden kann man lernen!<\/strong><br \/>Welches Bewusstsein f\u00fchrt zum Krieg? Welches Bewusstsein zum Frieden? Was k\u00f6nnen wir tun, um ein friedliches Bewusstsein in uns und anderen zu erm\u00f6glichen? K\u00f6nnen wir eine Oase des Friedens erschaffen?<br \/>Frieden und Krieg sind gro\u00dfe Themen \u2013 und doch f\u00e4ngt beides im Kleinen an.<br \/>In 8 online-Begegnungen wollen wir die Friedens-Lektionen durch Meditationen, achtsames Schreiben und achtsamen Austausch in uns lebendig machen.<br \/>Unsere Botschaft ist: Frieden kann man lernen!<\/p>\n<p><strong>Was wir anbieten<\/strong><br \/>Anhand des Buchs \u201eSieben Friedens-Lektionen\u201c (das Buch wird digital zur Verf\u00fcgung gestellt) gehen wir gemeinsam Schritt f\u00fcr Schritt durch die Friedens-Lektionen. Alle Lektionen sind einerseits inspiriert durch Buddhistische Psychologie und anderseits durch die Neurowissenschaften. Beide Bereiche erg\u00e4nzen und unterst\u00fctzen einander. Die Kenntnis \u00fcber das Funktionieren des Gehirns und des Autonomen Nervensystems hilft uns, mit unserer instinktiven Intelligenz zusammenzuarbeiten und achtsam neue Wege zu finden. Respektvoll und im Bewusstsein unserer Unterschiede werden wir entdecken, was ein friedvolles Zusammenleben erbl\u00fchen l\u00e4sst. Achtsames Gewahrsein ist das Fundament, das diesen Lernprozess erm\u00f6glicht.<\/p>\n<p>Jede Lektion wird kurz erl\u00e4utert und in einer angeleiteten Meditation erforscht.<br \/>Im zweiten Teil wird das Thema anhand von Schreibimpulsen und -\u00fcbungen sichtbar und tiefer sp\u00fcrbar gemacht.<br \/>Jeder Kursteil besteht aus vier Teilen:<\/p>\n<ol class=\"wp-block-list\">\n<li>Eine Einf\u00fchrung in das Thema aus der Perspektive der Buddhistischen Psychologie und der Neurowissenschaften.<\/li>\n<li>Angeleitete Meditations\u00fcbung<\/li>\n<li>Ein Schreibimpuls zum Thema mit der Einladung, die Texte im gesch\u00fctzten Raum vorzulesen.<\/li>\n<li>Abschluss in achtsamem Austausch<\/li>\n<\/ol>\n<p><strong>Bankverbindung:<\/strong><br \/>Buddhistische Akademie Berlin Brandenburg<br \/>GLS Bank<br \/>IBAN: DE 53430 60967 11338 34901<br \/>Verwendungszweck: Kurs sieben Friedenslektionen<\/p>\n<p>Einf\u00fchrungsvortrag zum Kurs:<\/p>\n\n\n<figure class=\"wp-block-embed is-type-video is-provider-youtube wp-block-embed-youtube wp-embed-aspect-16-9 wp-has-aspect-ratio\"><div class=\"wp-block-embed__wrapper\">\n<iframe loading=\"lazy\" title=\"SIEBEN FRIEDENS-LEKTIONEN - Neurosensitive Achtsamkeit als Friedens\u00fcbung\" width=\"616\" height=\"347\" src=\"https:\/\/www.youtube.com\/embed\/fVHwhwF-Pc4?start=14&#038;feature=oembed\" frameborder=\"0\" allow=\"accelerometer; autoplay; clipboard-write; encrypted-media; gyroscope; picture-in-picture; web-share\" referrerpolicy=\"strict-origin-when-cross-origin\" allowfullscreen><\/iframe>\n<\/div><\/figure>\n","protected":false},"excerpt":{"rendered":"<p>\u00a0 17. September \u2013 17. Dezember 2026 SIEBEN FRIEDENS-LEKTIONEN \u2013\u00a0Neurosensitive Achtsamkeit\u00a0als Friedens\u00fcbung 8-w\u00f6chiger Online-Kurs via ZoomEin Weg mit Dorle Lommatzsch (Tilburg\/NL) und Reiner Seido H\u00fchner (Bonn\/D) 8 Termine \/ \u00e1 120 Minuten \/ donnerstags 19-21 Uhr\/ online via ZoomTermine: 17.9., 01.10., 08.10., 22.10., 05.11., 19.11., 03.12. und 17.12.2026Kursgeb\u00fchr:\u00a0180 \u20ac \/ erm. 120 \u20ac \/ bei [&hellip;]<\/p>\n","protected":false},"author":1,"featured_media":4554,"parent":0,"menu_order":0,"comment_status":"closed","ping_status":"closed","template":"","meta":{"footnotes":""},"class_list":["post-5473","page","type-page","status-publish","has-post-thumbnail","hentry"],"yoast_head":"<!-- This site is optimized with the Yoast SEO plugin v25.3.1 - https:\/\/yoast.com\/wordpress\/plugins\/seo\/ -->\n<title>17.9. - 17.12.2026: SIEBEN FRIEDENS-LEKTIONEN \u2013\u00a0Neurosensitive Achtsamkeit\u00a0als Friedens\u00fcbung - Buddhistische Akademie Berlin-Brandenburg<\/title>\n<meta name=\"robots\" content=\"noindex, follow\" \/>\n<meta property=\"og:locale\" content=\"de_DE\" \/>\n<meta property=\"og:type\" content=\"article\" \/>\n<meta property=\"og:title\" content=\"17.9. - 17.12.2026: SIEBEN FRIEDENS-LEKTIONEN \u2013\u00a0Neurosensitive Achtsamkeit\u00a0als Friedens\u00fcbung - Buddhistische Akademie Berlin-Brandenburg\" \/>\n<meta property=\"og:description\" content=\"\u00a0 17. September \u2013 17. Dezember 2026 SIEBEN FRIEDENS-LEKTIONEN \u2013\u00a0Neurosensitive Achtsamkeit\u00a0als Friedens\u00fcbung 8-w\u00f6chiger Online-Kurs via ZoomEin Weg mit Dorle Lommatzsch (Tilburg\/NL) und Reiner Seido H\u00fchner (Bonn\/D) 8 Termine \/ \u00e1 120 Minuten \/ donnerstags 19-21 Uhr\/ online via ZoomTermine: 17.9., 01.10., 08.10., 22.10., 05.11., 19.11., 03.12. und 17.12.2026Kursgeb\u00fchr:\u00a0180 \u20ac \/ erm. 120 \u20ac \/ bei [&hellip;]\" \/>\n<meta property=\"og:url\" content=\"https:\/\/buddhistische-akademie-bb.de\/?page_id=5473\" \/>\n<meta property=\"og:site_name\" content=\"Buddhistische Akademie Berlin-Brandenburg\" \/>\n<meta property=\"article:publisher\" content=\"https:\/\/www.facebook.com\/profile.php?id=100009188940719\" \/>\n<meta property=\"article:modified_time\" content=\"2026-04-23T07:32:27+00:00\" \/>\n<meta property=\"og:image\" content=\"https:\/\/buddhistische-akademie-bb.de\/wp-content\/uploads\/2024\/01\/Titelblatt-Deutsch-7-Friedenslektionen-scaled.jpg\" \/>\n\t<meta property=\"og:image:width\" content=\"1810\" \/>\n\t<meta property=\"og:image:height\" content=\"2560\" \/>\n\t<meta property=\"og:image:type\" content=\"image\/jpeg\" \/>\n<meta name=\"twitter:card\" content=\"summary_large_image\" \/>\n<meta name=\"twitter:label1\" content=\"Gesch\u00e4tzte Lesezeit\" \/>\n\t<meta name=\"twitter:data1\" content=\"3\u00a0Minuten\" \/>\n<script type=\"application\/ld+json\" class=\"yoast-schema-graph\">{\"@context\":\"https:\/\/schema.org\",\"@graph\":[{\"@type\":\"WebPage\",\"@id\":\"https:\/\/buddhistische-akademie-bb.de\/?page_id=5473\",\"url\":\"https:\/\/buddhistische-akademie-bb.de\/?page_id=5473\",\"name\":\"17.9. - 17.12.2026: SIEBEN FRIEDENS-LEKTIONEN \u2013\u00a0Neurosensitive Achtsamkeit\u00a0als Friedens\u00fcbung - Buddhistische Akademie Berlin-Brandenburg\",\"isPartOf\":{\"@id\":\"https:\/\/buddhistische-akademie-bb.de\/#website\"},\"primaryImageOfPage\":{\"@id\":\"https:\/\/buddhistische-akademie-bb.de\/?page_id=5473#primaryimage\"},\"image\":{\"@id\":\"https:\/\/buddhistische-akademie-bb.de\/?page_id=5473#primaryimage\"},\"thumbnailUrl\":\"https:\/\/buddhistische-akademie-bb.de\/wp-content\/uploads\/2024\/01\/Titelblatt-Deutsch-7-Friedenslektionen-scaled.jpg\",\"datePublished\":\"2026-04-23T07:23:35+00:00\",\"dateModified\":\"2026-04-23T07:32:27+00:00\",\"breadcrumb\":{\"@id\":\"https:\/\/buddhistische-akademie-bb.de\/?page_id=5473#breadcrumb\"},\"inLanguage\":\"de\",\"potentialAction\":[{\"@type\":\"ReadAction\",\"target\":[\"https:\/\/buddhistische-akademie-bb.de\/?page_id=5473\"]}]},{\"@type\":\"ImageObject\",\"inLanguage\":\"de\",\"@id\":\"https:\/\/buddhistische-akademie-bb.de\/?page_id=5473#primaryimage\",\"url\":\"https:\/\/buddhistische-akademie-bb.de\/wp-content\/uploads\/2024\/01\/Titelblatt-Deutsch-7-Friedenslektionen-scaled.jpg\",\"contentUrl\":\"https:\/\/buddhistische-akademie-bb.de\/wp-content\/uploads\/2024\/01\/Titelblatt-Deutsch-7-Friedenslektionen-scaled.jpg\",\"width\":1810,\"height\":2560},{\"@type\":\"BreadcrumbList\",\"@id\":\"https:\/\/buddhistische-akademie-bb.de\/?page_id=5473#breadcrumb\",\"itemListElement\":[{\"@type\":\"ListItem\",\"position\":1,\"name\":\"Startseite\",\"item\":\"https:\/\/buddhistische-akademie-bb.de\/\"},{\"@type\":\"ListItem\",\"position\":2,\"name\":\"17.9. &#8211; 17.12.2026: SIEBEN FRIEDENS-LEKTIONEN \u2013\u00a0Neurosensitive Achtsamkeit\u00a0als Friedens\u00fcbung\"}]},{\"@type\":\"WebSite\",\"@id\":\"https:\/\/buddhistische-akademie-bb.de\/#website\",\"url\":\"https:\/\/buddhistische-akademie-bb.de\/\",\"name\":\"Buddhistische Akademie Berlin-Brandenburg\",\"description\":\"\",\"publisher\":{\"@id\":\"https:\/\/buddhistische-akademie-bb.de\/#organization\"},\"potentialAction\":[{\"@type\":\"SearchAction\",\"target\":{\"@type\":\"EntryPoint\",\"urlTemplate\":\"https:\/\/buddhistische-akademie-bb.de\/?s={search_term_string}\"},\"query-input\":{\"@type\":\"PropertyValueSpecification\",\"valueRequired\":true,\"valueName\":\"search_term_string\"}}],\"inLanguage\":\"de\"},{\"@type\":\"Organization\",\"@id\":\"https:\/\/buddhistische-akademie-bb.de\/#organization\",\"name\":\"Buddhistische Akademie Berlin Brandenburg\",\"url\":\"https:\/\/buddhistische-akademie-bb.de\/\",\"logo\":{\"@type\":\"ImageObject\",\"inLanguage\":\"de\",\"@id\":\"https:\/\/buddhistische-akademie-bb.de\/#\/schema\/logo\/image\/\",\"url\":\"https:\/\/buddhistische-akademie-bb.de\/wp-content\/uploads\/2021\/05\/Logo.jpg\",\"contentUrl\":\"https:\/\/buddhistische-akademie-bb.de\/wp-content\/uploads\/2021\/05\/Logo.jpg\",\"width\":268,\"height\":260,\"caption\":\"Buddhistische Akademie Berlin Brandenburg\"},\"image\":{\"@id\":\"https:\/\/buddhistische-akademie-bb.de\/#\/schema\/logo\/image\/\"},\"sameAs\":[\"https:\/\/www.facebook.com\/profile.php?id=100009188940719\",\"https:\/\/www.youtube.com\/channel\/UCQxxUAV0IA-9FF2Icr4J6fQ\"]}]}<\/script>\n<!-- \/ Yoast SEO plugin. -->","yoast_head_json":{"title":"17.9. - 17.12.2026: SIEBEN FRIEDENS-LEKTIONEN \u2013\u00a0Neurosensitive Achtsamkeit\u00a0als Friedens\u00fcbung - Buddhistische Akademie Berlin-Brandenburg","robots":{"index":"noindex","follow":"follow"},"og_locale":"de_DE","og_type":"article","og_title":"17.9. - 17.12.2026: SIEBEN FRIEDENS-LEKTIONEN \u2013\u00a0Neurosensitive Achtsamkeit\u00a0als Friedens\u00fcbung - Buddhistische Akademie Berlin-Brandenburg","og_description":"\u00a0 17. September \u2013 17. Dezember 2026 SIEBEN FRIEDENS-LEKTIONEN \u2013\u00a0Neurosensitive Achtsamkeit\u00a0als Friedens\u00fcbung 8-w\u00f6chiger Online-Kurs via ZoomEin Weg mit Dorle Lommatzsch (Tilburg\/NL) und Reiner Seido H\u00fchner (Bonn\/D) 8 Termine \/ \u00e1 120 Minuten \/ donnerstags 19-21 Uhr\/ online via ZoomTermine: 17.9., 01.10., 08.10., 22.10., 05.11., 19.11., 03.12. und 17.12.2026Kursgeb\u00fchr:\u00a0180 \u20ac \/ erm. 120 \u20ac \/ bei [&hellip;]","og_url":"https:\/\/buddhistische-akademie-bb.de\/?page_id=5473","og_site_name":"Buddhistische Akademie Berlin-Brandenburg","article_publisher":"https:\/\/www.facebook.com\/profile.php?id=100009188940719","article_modified_time":"2026-04-23T07:32:27+00:00","og_image":[{"width":1810,"height":2560,"url":"https:\/\/buddhistische-akademie-bb.de\/wp-content\/uploads\/2024\/01\/Titelblatt-Deutsch-7-Friedenslektionen-scaled.jpg","type":"image\/jpeg"}],"twitter_card":"summary_large_image","twitter_misc":{"Gesch\u00e4tzte Lesezeit":"3\u00a0Minuten"},"schema":{"@context":"https:\/\/schema.org","@graph":[{"@type":"WebPage","@id":"https:\/\/buddhistische-akademie-bb.de\/?page_id=5473","url":"https:\/\/buddhistische-akademie-bb.de\/?page_id=5473","name":"17.9. - 17.12.2026: SIEBEN FRIEDENS-LEKTIONEN \u2013\u00a0Neurosensitive Achtsamkeit\u00a0als Friedens\u00fcbung - Buddhistische Akademie Berlin-Brandenburg","isPartOf":{"@id":"https:\/\/buddhistische-akademie-bb.de\/#website"},"primaryImageOfPage":{"@id":"https:\/\/buddhistische-akademie-bb.de\/?page_id=5473#primaryimage"},"image":{"@id":"https:\/\/buddhistische-akademie-bb.de\/?page_id=5473#primaryimage"},"thumbnailUrl":"https:\/\/buddhistische-akademie-bb.de\/wp-content\/uploads\/2024\/01\/Titelblatt-Deutsch-7-Friedenslektionen-scaled.jpg","datePublished":"2026-04-23T07:23:35+00:00","dateModified":"2026-04-23T07:32:27+00:00","breadcrumb":{"@id":"https:\/\/buddhistische-akademie-bb.de\/?page_id=5473#breadcrumb"},"inLanguage":"de","potentialAction":[{"@type":"ReadAction","target":["https:\/\/buddhistische-akademie-bb.de\/?page_id=5473"]}]},{"@type":"ImageObject","inLanguage":"de","@id":"https:\/\/buddhistische-akademie-bb.de\/?page_id=5473#primaryimage","url":"https:\/\/buddhistische-akademie-bb.de\/wp-content\/uploads\/2024\/01\/Titelblatt-Deutsch-7-Friedenslektionen-scaled.jpg","contentUrl":"https:\/\/buddhistische-akademie-bb.de\/wp-content\/uploads\/2024\/01\/Titelblatt-Deutsch-7-Friedenslektionen-scaled.jpg","width":1810,"height":2560},{"@type":"BreadcrumbList","@id":"https:\/\/buddhistische-akademie-bb.de\/?page_id=5473#breadcrumb","itemListElement":[{"@type":"ListItem","position":1,"name":"Startseite","item":"https:\/\/buddhistische-akademie-bb.de\/"},{"@type":"ListItem","position":2,"name":"17.9. &#8211; 17.12.2026: SIEBEN FRIEDENS-LEKTIONEN \u2013\u00a0Neurosensitive Achtsamkeit\u00a0als Friedens\u00fcbung"}]},{"@type":"WebSite","@id":"https:\/\/buddhistische-akademie-bb.de\/#website","url":"https:\/\/buddhistische-akademie-bb.de\/","name":"Buddhistische Akademie Berlin-Brandenburg","description":"","publisher":{"@id":"https:\/\/buddhistische-akademie-bb.de\/#organization"},"potentialAction":[{"@type":"SearchAction","target":{"@type":"EntryPoint","urlTemplate":"https:\/\/buddhistische-akademie-bb.de\/?s={search_term_string}"},"query-input":{"@type":"PropertyValueSpecification","valueRequired":true,"valueName":"search_term_string"}}],"inLanguage":"de"},{"@type":"Organization","@id":"https:\/\/buddhistische-akademie-bb.de\/#organization","name":"Buddhistische Akademie Berlin Brandenburg","url":"https:\/\/buddhistische-akademie-bb.de\/","logo":{"@type":"ImageObject","inLanguage":"de","@id":"https:\/\/buddhistische-akademie-bb.de\/#\/schema\/logo\/image\/","url":"https:\/\/buddhistische-akademie-bb.de\/wp-content\/uploads\/2021\/05\/Logo.jpg","contentUrl":"https:\/\/buddhistische-akademie-bb.de\/wp-content\/uploads\/2021\/05\/Logo.jpg","width":268,"height":260,"caption":"Buddhistische Akademie Berlin Brandenburg"},"image":{"@id":"https:\/\/buddhistische-akademie-bb.de\/#\/schema\/logo\/image\/"},"sameAs":["https:\/\/www.facebook.com\/profile.php?id=100009188940719","https:\/\/www.youtube.com\/channel\/UCQxxUAV0IA-9FF2Icr4J6fQ"]}]}},"_links":{"self":[{"href":"https:\/\/buddhistische-akademie-bb.de\/index.php?rest_route=\/wp\/v2\/pages\/5473","targetHints":{"allow":["GET"]}}],"collection":[{"href":"https:\/\/buddhistische-akademie-bb.de\/index.php?rest_route=\/wp\/v2\/pages"}],"about":[{"href":"https:\/\/buddhistische-akademie-bb.de\/index.php?rest_route=\/wp\/v2\/types\/page"}],"author":[{"embeddable":true,"href":"https:\/\/buddhistische-akademie-bb.de\/index.php?rest_route=\/wp\/v2\/users\/1"}],"replies":[{"embeddable":true,"href":"https:\/\/buddhistische-akademie-bb.de\/index.php?rest_route=%2Fwp%2Fv2%2Fcomments&post=5473"}],"version-history":[{"count":3,"href":"https:\/\/buddhistische-akademie-bb.de\/index.php?rest_route=\/wp\/v2\/pages\/5473\/revisions"}],"predecessor-version":[{"id":5481,"href":"https:\/\/buddhistische-akademie-bb.de\/index.php?rest_route=\/wp\/v2\/pages\/5473\/revisions\/5481"}],"wp:featuredmedia":[{"embeddable":true,"href":"https:\/\/buddhistische-akademie-bb.de\/index.php?rest_route=\/wp\/v2\/media\/4554"}],"wp:attachment":[{"href":"https:\/\/buddhistische-akademie-bb.de\/index.php?rest_route=%2Fwp%2Fv2%2Fmedia&parent=5473"}],"curies":[{"name":"wp","href":"https:\/\/api.w.org\/{rel}","templated":true}]}}